{"id":8117,"date":"2026-01-15T14:26:13","date_gmt":"2026-01-15T07:26:13","guid":{"rendered":"https:\/\/www.dongdongsaigon.com\/?post_type=product&#038;p=8117"},"modified":"2026-01-21T16:00:45","modified_gmt":"2026-01-21T09:00:45","slug":"do-tan-chay","status":"publish","type":"product","link":"https:\/\/www.dongdongsaigon.com\/en\/product\/do-tan-chay\/","title":{"rendered":"\u0110\u1ed9 Tan Ch\u1ea3y"},"content":{"rendered":"","protected":false},"excerpt":{"rendered":"<p>T\u1eebng l\u00e0 b\u1ea1t l\u1ed7i in sai,<br data-start=\"97\" data-end=\"100\" \/>N\u1eb1m im g\u00f3c x\u01b0\u1edfng qu\u1eadn M\u01b0\u1eddi h\u1eaft hiu.<br data-start=\"134\" data-end=\"137\" \/>T\u01b0\u1edfng \u0111\u00e2u ph\u1eadn c\u0169 ti\u00eau \u0111i\u1ec1u,<br data-start=\"164\" data-end=\"167\" \/>T\u00e1i sinh th\u00e0nh t\u00fai \u0111a chi\u1ec1u c\u00f4ng n\u0103ng.<\/p>","protected":false},"featured_media":8118,"template":"","meta":[],"product_cat":[73,141],"product_tag":[],"yoast_head":"<meta name=\"robots\" content=\"index, follow, max-snippet:-1, max-image-preview:large, max-video-preview:-1\" \/>\n<link rel=\"canonical\" href=\"https:\/\/www.dongdongsaigon.com\/en\/product\/do-tan-chay\/\" \/>\n<meta property=\"og:locale\" content=\"en_US\" \/>\n<meta property=\"og:type\" content=\"article\" \/>\n<meta property=\"og:title\" content=\"\u0110\u1ed9 Tan Ch\u1ea3y - D\u00f2ng D\u00f2ng\" \/>\n<meta property=\"og:description\" content=\"T\u1eebng l\u00e0 b\u1ea1t l\u1ed7i in sai,N\u1eb1m im g\u00f3c x\u01b0\u1edfng qu\u1eadn M\u01b0\u1eddi h\u1eaft hiu.T\u01b0\u1edfng \u0111\u00e2u ph\u1eadn c\u0169 ti\u00eau \u0111i\u1ec1u,T\u00e1i sinh th\u00e0nh t\u00fai \u0111a chi\u1ec1u c\u00f4ng n\u0103ng.\" \/>\n<meta property=\"og:url\" content=\"https:\/\/www.dongdongsaigon.com\/en\/product\/do-tan-chay\/\" \/>\n<meta property=\"og:site_name\" content=\"D\u00f2ng D\u00f2ng\" \/>\n<meta property=\"article:publisher\" content=\"https:\/\/www.facebook.com\/dongdongsg\/\" \/>\n<meta property=\"article:modified_time\" content=\"2026-01-21T09:00:45+00:00\" \/>\n<meta property=\"og:image\" content=\"https:\/\/i0.wp.com\/www.dongdongsaigon.com\/wp-content\/uploads\/2026\/01\/D10_01_listing.png?fit=1417%2C1417&#038;ssl=1\" \/>\n\t<meta property=\"og:image:width\" content=\"1417\" \/>\n\t<meta property=\"og:image:height\" content=\"1417\" \/>\n<meta name=\"twitter:card\" content=\"summary_large_image\" \/>\n<script type=\"application\/ld+json\" class=\"yoast-schema-graph\">{\"@context\":\"https:\/\/schema.org\",\"@graph\":[{\"@type\":\"Organization\",\"@id\":\"https:\/\/www.dongdongsaigon.com\/#organization\",\"name\":\"D\\u00f2ng D\\u00f2ng S\\u00e0i G\\u00f2n\",\"url\":\"https:\/\/www.dongdongsaigon.com\/\",\"sameAs\":[\"https:\/\/www.facebook.com\/dongdongsg\/\",\"https:\/\/www.instagram.com\/dongdongsg\/\"],\"logo\":{\"@type\":\"ImageObject\",\"@id\":\"https:\/\/www.dongdongsaigon.com\/#logo\",\"inLanguage\":\"en-US\",\"url\":\"https:\/\/i0.wp.com\/www.dongdongsaigon.com\/wp-content\/uploads\/2020\/02\/logo-1.png?fit=512%2C512&ssl=1\",\"width\":512,\"height\":512,\"caption\":\"D\\u00f2ng D\\u00f2ng S\\u00e0i G\\u00f2n\"},\"image\":{\"@id\":\"https:\/\/www.dongdongsaigon.com\/#logo\"}},{\"@type\":\"WebSite\",\"@id\":\"https:\/\/www.dongdongsaigon.com\/#website\",\"url\":\"https:\/\/www.dongdongsaigon.com\/\",\"name\":\"D\\u00f2ng D\\u00f2ng\",\"description\":\"S\\u1ea3n xu\\u1ea5t th\\u1ee7 c\\u00f4ng t\\u1eeb b\\u1ea1t t\\u00e1i ch\\u1ebf b\\u1ec1n ch\\u1eafc\",\"publisher\":{\"@id\":\"https:\/\/www.dongdongsaigon.com\/#organization\"},\"potentialAction\":[{\"@type\":\"SearchAction\",\"target\":\"https:\/\/www.dongdongsaigon.com\/?s={search_term_string}\",\"query-input\":\"required name=search_term_string\"}],\"inLanguage\":\"en-US\"},{\"@type\":\"ImageObject\",\"@id\":\"https:\/\/www.dongdongsaigon.com\/product\/do-tan-chay\/#primaryimage\",\"inLanguage\":\"en-US\",\"url\":\"https:\/\/i0.wp.com\/www.dongdongsaigon.com\/wp-content\/uploads\/2026\/01\/D10_01_listing.png?fit=1417%2C1417&ssl=1\",\"width\":1417,\"height\":1417},{\"@type\":\"WebPage\",\"@id\":\"https:\/\/www.dongdongsaigon.com\/product\/do-tan-chay\/#webpage\",\"url\":\"https:\/\/www.dongdongsaigon.com\/product\/do-tan-chay\/\",\"name\":\"\\u0110\\u1ed9 Tan Ch\\u1ea3y - D\\u00f2ng D\\u00f2ng\",\"isPartOf\":{\"@id\":\"https:\/\/www.dongdongsaigon.com\/#website\"},\"primaryImageOfPage\":{\"@id\":\"https:\/\/www.dongdongsaigon.com\/product\/do-tan-chay\/#primaryimage\"},\"datePublished\":\"2026-01-15T07:26:13+00:00\",\"dateModified\":\"2026-01-21T09:00:45+00:00\",\"inLanguage\":\"en-US\",\"potentialAction\":[{\"@type\":\"ReadAction\",\"target\":[\"https:\/\/www.dongdongsaigon.com\/product\/do-tan-chay\/\"]}]}]}<\/script>","_links":{"self":[{"href":"https:\/\/www.dongdongsaigon.com\/en\/wp-json\/wp\/v3\/product\/8117"}],"collection":[{"href":"https:\/\/www.dongdongsaigon.com\/en\/wp-json\/wp\/v3\/product"}],"about":[{"href":"https:\/\/www.dongdongsaigon.com\/en\/wp-json\/wp\/v2\/types\/product"}],"wp:featuredmedia":[{"embeddable":true,"href":"https:\/\/www.dongdongsaigon.com\/en\/wp-json\/wp\/v2\/media\/8118"}],"wp:attachment":[{"href":"https:\/\/www.dongdongsaigon.com\/en\/wp-json\/wp\/v2\/media?parent=8117"}],"wp:term":[{"taxonomy":"product_cat","embeddable":true,"href":"https:\/\/www.dongdongsaigon.com\/en\/wp-json\/wp\/v2\/product_cat?post=8117"},{"taxonomy":"product_tag","embeddable":true,"href":"https:\/\/www.dongdongsaigon.com\/en\/wp-json\/wp\/v2\/product_tag?post=8117"}],"curies":[{"name":"wp","href":"https:\/\/api.w.org\/{rel}","templated":true}]}}