{"id":8000,"date":"2025-12-31T18:03:39","date_gmt":"2025-12-31T11:03:39","guid":{"rendered":"https:\/\/www.dongdongsaigon.com\/?post_type=product&#038;p=8000"},"modified":"2026-03-30T14:14:08","modified_gmt":"2026-03-30T07:14:08","slug":"tu-ma-2","status":"publish","type":"product","link":"https:\/\/www.dongdongsaigon.com\/en\/product\/tu-ma-2\/","title":{"rendered":"T\u1ee9 M\u00e3"},"content":{"rendered":"","protected":false},"excerpt":{"rendered":"<p>\u0110\u1ebfn t\u1eeb b\u1ed9 s\u01b0u t\u1eadp T\u1ebft B\u00ednh Ng\u1ecd 2026,<br data-start=\"97\" data-end=\"100\" \/>T\u1ee9 M\u00e3 \u0111\u01b0\u1ee3c may t\u1eeb b\u1ea1t tr\u00f9m xe t\u1ea3i c\u0169, \u0111\u00e3 t\u1eebng ngao du t\u1ee9 x\u1ee9, k\u1ebft h\u1ee3p c\u00f9ng b\u1ea1t v\u1ee5n c\u00f4ng tr\u00ecnh, \u0111i\u1ec3m xuy\u1ebft ch\u00fat m\u00e0u s\u1eafc t\u1eeb b\u1ea1t m\u00e1i hi\u00ean s\u1eddn c\u0169 \u2013 t\u1ea1o n\u00ean T\u1ee9 M\u00e3 l\u00e3ng t\u1eed, ch\u1ea5t ch\u01a1i!.<\/p>","protected":false},"featured_media":7993,"template":"","meta":[],"product_cat":[148],"product_tag":[],"yoast_head":"<meta name=\"robots\" content=\"index, follow, max-snippet:-1, max-image-preview:large, max-video-preview:-1\" \/>\n<link rel=\"canonical\" href=\"https:\/\/www.dongdongsaigon.com\/en\/product\/tu-ma-2\/\" \/>\n<meta property=\"og:locale\" content=\"en_US\" \/>\n<meta property=\"og:type\" content=\"article\" \/>\n<meta property=\"og:title\" content=\"T\u1ee9 M\u00e3 - D\u00f2ng D\u00f2ng\" \/>\n<meta property=\"og:description\" content=\"\u0110\u1ebfn t\u1eeb b\u1ed9 s\u01b0u t\u1eadp T\u1ebft B\u00ednh Ng\u1ecd 2026,T\u1ee9 M\u00e3 \u0111\u01b0\u1ee3c may t\u1eeb b\u1ea1t tr\u00f9m xe t\u1ea3i c\u0169, \u0111\u00e3 t\u1eebng ngao du t\u1ee9 x\u1ee9, k\u1ebft h\u1ee3p c\u00f9ng b\u1ea1t v\u1ee5n c\u00f4ng tr\u00ecnh, \u0111i\u1ec3m xuy\u1ebft ch\u00fat m\u00e0u s\u1eafc t\u1eeb b\u1ea1t m\u00e1i hi\u00ean s\u1eddn c\u0169 \u2013 t\u1ea1o n\u00ean T\u1ee9 M\u00e3 l\u00e3ng t\u1eed, ch\u1ea5t ch\u01a1i!.\" \/>\n<meta property=\"og:url\" content=\"https:\/\/www.dongdongsaigon.com\/en\/product\/tu-ma-2\/\" \/>\n<meta property=\"og:site_name\" content=\"D\u00f2ng D\u00f2ng\" \/>\n<meta property=\"article:publisher\" content=\"https:\/\/www.facebook.com\/dongdongsg\/\" \/>\n<meta property=\"article:modified_time\" content=\"2026-03-30T07:14:08+00:00\" \/>\n<meta property=\"og:image\" content=\"https:\/\/i0.wp.com\/www.dongdongsaigon.com\/wp-content\/uploads\/2025\/12\/Tu\u031b\u0301-Ma\u0303_Listing-2.png?fit=1417%2C1417&#038;ssl=1\" \/>\n\t<meta property=\"og:image:width\" content=\"1417\" \/>\n\t<meta property=\"og:image:height\" content=\"1417\" \/>\n<meta name=\"twitter:card\" content=\"summary_large_image\" \/>\n<script type=\"application\/ld+json\" class=\"yoast-schema-graph\">{\"@context\":\"https:\/\/schema.org\",\"@graph\":[{\"@type\":\"Organization\",\"@id\":\"https:\/\/www.dongdongsaigon.com\/#organization\",\"name\":\"D\\u00f2ng D\\u00f2ng S\\u00e0i G\\u00f2n\",\"url\":\"https:\/\/www.dongdongsaigon.com\/\",\"sameAs\":[\"https:\/\/www.facebook.com\/dongdongsg\/\",\"https:\/\/www.instagram.com\/dongdongsg\/\"],\"logo\":{\"@type\":\"ImageObject\",\"@id\":\"https:\/\/www.dongdongsaigon.com\/#logo\",\"inLanguage\":\"en-US\",\"url\":\"https:\/\/i0.wp.com\/www.dongdongsaigon.com\/wp-content\/uploads\/2020\/02\/logo-1.png?fit=512%2C512&ssl=1\",\"width\":512,\"height\":512,\"caption\":\"D\\u00f2ng D\\u00f2ng S\\u00e0i G\\u00f2n\"},\"image\":{\"@id\":\"https:\/\/www.dongdongsaigon.com\/#logo\"}},{\"@type\":\"WebSite\",\"@id\":\"https:\/\/www.dongdongsaigon.com\/#website\",\"url\":\"https:\/\/www.dongdongsaigon.com\/\",\"name\":\"D\\u00f2ng D\\u00f2ng\",\"description\":\"S\\u1ea3n xu\\u1ea5t th\\u1ee7 c\\u00f4ng t\\u1eeb b\\u1ea1t t\\u00e1i ch\\u1ebf b\\u1ec1n ch\\u1eafc\",\"publisher\":{\"@id\":\"https:\/\/www.dongdongsaigon.com\/#organization\"},\"potentialAction\":[{\"@type\":\"SearchAction\",\"target\":\"https:\/\/www.dongdongsaigon.com\/?s={search_term_string}\",\"query-input\":\"required name=search_term_string\"}],\"inLanguage\":\"en-US\"},{\"@type\":\"ImageObject\",\"@id\":\"https:\/\/www.dongdongsaigon.com\/product\/tu-ma-2\/#primaryimage\",\"inLanguage\":\"en-US\",\"url\":\"https:\/\/i0.wp.com\/www.dongdongsaigon.com\/wp-content\/uploads\/2025\/12\/Tu\\u031b\\u0301-Ma\\u0303_Listing-2.png?fit=1417%2C1417&ssl=1\",\"width\":1417,\"height\":1417},{\"@type\":\"WebPage\",\"@id\":\"https:\/\/www.dongdongsaigon.com\/product\/tu-ma-2\/#webpage\",\"url\":\"https:\/\/www.dongdongsaigon.com\/product\/tu-ma-2\/\",\"name\":\"T\\u1ee9 M\\u00e3 - D\\u00f2ng D\\u00f2ng\",\"isPartOf\":{\"@id\":\"https:\/\/www.dongdongsaigon.com\/#website\"},\"primaryImageOfPage\":{\"@id\":\"https:\/\/www.dongdongsaigon.com\/product\/tu-ma-2\/#primaryimage\"},\"datePublished\":\"2025-12-31T11:03:39+00:00\",\"dateModified\":\"2026-03-30T07:14:08+00:00\",\"inLanguage\":\"en-US\",\"potentialAction\":[{\"@type\":\"ReadAction\",\"target\":[\"https:\/\/www.dongdongsaigon.com\/product\/tu-ma-2\/\"]}]}]}<\/script>","_links":{"self":[{"href":"https:\/\/www.dongdongsaigon.com\/en\/wp-json\/wp\/v3\/product\/8000"}],"collection":[{"href":"https:\/\/www.dongdongsaigon.com\/en\/wp-json\/wp\/v3\/product"}],"about":[{"href":"https:\/\/www.dongdongsaigon.com\/en\/wp-json\/wp\/v2\/types\/product"}],"wp:featuredmedia":[{"embeddable":true,"href":"https:\/\/www.dongdongsaigon.com\/en\/wp-json\/wp\/v2\/media\/7993"}],"wp:attachment":[{"href":"https:\/\/www.dongdongsaigon.com\/en\/wp-json\/wp\/v2\/media?parent=8000"}],"wp:term":[{"taxonomy":"product_cat","embeddable":true,"href":"https:\/\/www.dongdongsaigon.com\/en\/wp-json\/wp\/v2\/product_cat?post=8000"},{"taxonomy":"product_tag","embeddable":true,"href":"https:\/\/www.dongdongsaigon.com\/en\/wp-json\/wp\/v2\/product_tag?post=8000"}],"curies":[{"name":"wp","href":"https:\/\/api.w.org\/{rel}","templated":true}]}}