{"id":7398,"date":"2025-10-31T15:22:09","date_gmt":"2025-10-31T08:22:09","guid":{"rendered":"https:\/\/www.dongdongsaigon.com\/?post_type=product&#038;p=7398"},"modified":"2025-11-03T17:25:47","modified_gmt":"2025-11-03T10:25:47","slug":"mat-thu-2","status":"publish","type":"product","link":"https:\/\/www.dongdongsaigon.com\/en\/product\/mat-thu-2\/","title":{"rendered":"M\u1eadt Th\u01b0"},"content":{"rendered":"","protected":false},"excerpt":{"rendered":"<p>T\u00f4i t\u1eebng l\u00e0 b\u1ea1t event,<br data-start=\"97\" data-end=\"100\" \/>Trong h\u1ed9i Vinschool r\u1ed9n r\u00e0ng n\u0103m nao.<br data-start=\"134\" data-end=\"137\" \/>Ng\u00e0y x\u01b0a t\u00f4 \u0111i\u1ec3m h\u1ed9i vui,<br data-start=\"164\" data-end=\"167\" \/>Gi\u1edd th\u00e0nh t\u00fai m\u1edbi, c\u00f9ng ng\u01b0\u1eddi d\u1ea1o ch\u01a1i!<\/p>","protected":false},"featured_media":7405,"template":"","meta":[],"product_cat":[73,141],"product_tag":[],"yoast_head":"<meta name=\"robots\" content=\"index, follow, max-snippet:-1, max-image-preview:large, max-video-preview:-1\" \/>\n<link rel=\"canonical\" href=\"https:\/\/www.dongdongsaigon.com\/en\/product\/mat-thu-2\/\" \/>\n<meta property=\"og:locale\" content=\"en_US\" \/>\n<meta property=\"og:type\" content=\"article\" \/>\n<meta property=\"og:title\" content=\"M\u1eadt Th\u01b0 - D\u00f2ng D\u00f2ng\" \/>\n<meta property=\"og:description\" content=\"T\u00f4i t\u1eebng l\u00e0 b\u1ea1t event,Trong h\u1ed9i Vinschool r\u1ed9n r\u00e0ng n\u0103m nao.Ng\u00e0y x\u01b0a t\u00f4 \u0111i\u1ec3m h\u1ed9i vui,Gi\u1edd th\u00e0nh t\u00fai m\u1edbi, c\u00f9ng ng\u01b0\u1eddi d\u1ea1o ch\u01a1i!\" \/>\n<meta property=\"og:url\" content=\"https:\/\/www.dongdongsaigon.com\/en\/product\/mat-thu-2\/\" \/>\n<meta property=\"og:site_name\" content=\"D\u00f2ng D\u00f2ng\" \/>\n<meta property=\"article:publisher\" content=\"https:\/\/www.facebook.com\/dongdongsg\/\" \/>\n<meta property=\"article:modified_time\" content=\"2025-11-03T10:25:47+00:00\" \/>\n<meta property=\"og:image\" content=\"https:\/\/i0.wp.com\/www.dongdongsaigon.com\/wp-content\/uploads\/2025\/10\/D6_7-listing.png?fit=1417%2C1417&#038;ssl=1\" \/>\n\t<meta property=\"og:image:width\" content=\"1417\" \/>\n\t<meta property=\"og:image:height\" content=\"1417\" \/>\n<meta name=\"twitter:card\" content=\"summary_large_image\" \/>\n<script type=\"application\/ld+json\" class=\"yoast-schema-graph\">{\"@context\":\"https:\/\/schema.org\",\"@graph\":[{\"@type\":\"Organization\",\"@id\":\"https:\/\/www.dongdongsaigon.com\/#organization\",\"name\":\"D\\u00f2ng D\\u00f2ng S\\u00e0i G\\u00f2n\",\"url\":\"https:\/\/www.dongdongsaigon.com\/\",\"sameAs\":[\"https:\/\/www.facebook.com\/dongdongsg\/\",\"https:\/\/www.instagram.com\/dongdongsg\/\"],\"logo\":{\"@type\":\"ImageObject\",\"@id\":\"https:\/\/www.dongdongsaigon.com\/#logo\",\"inLanguage\":\"en-US\",\"url\":\"https:\/\/i0.wp.com\/www.dongdongsaigon.com\/wp-content\/uploads\/2020\/02\/logo-1.png?fit=512%2C512&ssl=1\",\"width\":512,\"height\":512,\"caption\":\"D\\u00f2ng D\\u00f2ng S\\u00e0i G\\u00f2n\"},\"image\":{\"@id\":\"https:\/\/www.dongdongsaigon.com\/#logo\"}},{\"@type\":\"WebSite\",\"@id\":\"https:\/\/www.dongdongsaigon.com\/#website\",\"url\":\"https:\/\/www.dongdongsaigon.com\/\",\"name\":\"D\\u00f2ng D\\u00f2ng\",\"description\":\"S\\u1ea3n xu\\u1ea5t th\\u1ee7 c\\u00f4ng t\\u1eeb b\\u1ea1t t\\u00e1i ch\\u1ebf b\\u1ec1n ch\\u1eafc\",\"publisher\":{\"@id\":\"https:\/\/www.dongdongsaigon.com\/#organization\"},\"potentialAction\":[{\"@type\":\"SearchAction\",\"target\":\"https:\/\/www.dongdongsaigon.com\/?s={search_term_string}\",\"query-input\":\"required name=search_term_string\"}],\"inLanguage\":\"en-US\"},{\"@type\":\"ImageObject\",\"@id\":\"https:\/\/www.dongdongsaigon.com\/product\/mat-thu-2\/#primaryimage\",\"inLanguage\":\"en-US\",\"url\":\"https:\/\/i0.wp.com\/www.dongdongsaigon.com\/wp-content\/uploads\/2025\/10\/D6_7-listing.png?fit=1417%2C1417&ssl=1\",\"width\":1417,\"height\":1417},{\"@type\":\"WebPage\",\"@id\":\"https:\/\/www.dongdongsaigon.com\/product\/mat-thu-2\/#webpage\",\"url\":\"https:\/\/www.dongdongsaigon.com\/product\/mat-thu-2\/\",\"name\":\"M\\u1eadt Th\\u01b0 - D\\u00f2ng D\\u00f2ng\",\"isPartOf\":{\"@id\":\"https:\/\/www.dongdongsaigon.com\/#website\"},\"primaryImageOfPage\":{\"@id\":\"https:\/\/www.dongdongsaigon.com\/product\/mat-thu-2\/#primaryimage\"},\"datePublished\":\"2025-10-31T08:22:09+00:00\",\"dateModified\":\"2025-11-03T10:25:47+00:00\",\"inLanguage\":\"en-US\",\"potentialAction\":[{\"@type\":\"ReadAction\",\"target\":[\"https:\/\/www.dongdongsaigon.com\/product\/mat-thu-2\/\"]}]}]}<\/script>","_links":{"self":[{"href":"https:\/\/www.dongdongsaigon.com\/en\/wp-json\/wp\/v3\/product\/7398"}],"collection":[{"href":"https:\/\/www.dongdongsaigon.com\/en\/wp-json\/wp\/v3\/product"}],"about":[{"href":"https:\/\/www.dongdongsaigon.com\/en\/wp-json\/wp\/v2\/types\/product"}],"wp:featuredmedia":[{"embeddable":true,"href":"https:\/\/www.dongdongsaigon.com\/en\/wp-json\/wp\/v2\/media\/7405"}],"wp:attachment":[{"href":"https:\/\/www.dongdongsaigon.com\/en\/wp-json\/wp\/v2\/media?parent=7398"}],"wp:term":[{"taxonomy":"product_cat","embeddable":true,"href":"https:\/\/www.dongdongsaigon.com\/en\/wp-json\/wp\/v2\/product_cat?post=7398"},{"taxonomy":"product_tag","embeddable":true,"href":"https:\/\/www.dongdongsaigon.com\/en\/wp-json\/wp\/v2\/product_tag?post=7398"}],"curies":[{"name":"wp","href":"https:\/\/api.w.org\/{rel}","templated":true}]}}