{"id":7179,"date":"2025-08-30T15:05:54","date_gmt":"2025-08-30T08:05:54","guid":{"rendered":"https:\/\/www.dongdongsaigon.com\/?post_type=product&#038;p=7179"},"modified":"2025-12-09T10:51:37","modified_gmt":"2025-12-09T03:51:37","slug":"nhi-choi-le","status":"publish","type":"product","link":"https:\/\/www.dongdongsaigon.com\/en\/product\/nhi-choi-le\/","title":{"rendered":"Nh\u00ed Ch\u01a1i L\u1ec5"},"content":{"rendered":"","protected":false},"excerpt":{"rendered":"<p>Tote mini &#8211; C\u00f3 th\u1ec3 d\u00f9ng l\u00e0m m\u00f3c kho\u00e1 xinh x\u1eafn, ho\u1eb7c \u0111\u1ef1ng ti\u1ec1n l\u1ebb, tai nghe, th\u1ecfi son, hay b\u1ea5t c\u1ee9 m\u00f3n nh\u1ecf nh\u1ecf n\u00e0o b\u1ea1n mu\u1ed1n. V\u1eeba vui m\u1eaft v\u1eeba ti\u1ec7n l\u1ee3i, l\u1ea1i h\u1ea1n ch\u1ebf th\u1ea5t l\u1ea1c.<\/p>","protected":false},"featured_media":7186,"template":"","meta":[],"product_cat":[138],"product_tag":[],"yoast_head":"<meta name=\"robots\" content=\"index, follow, max-snippet:-1, max-image-preview:large, max-video-preview:-1\" \/>\n<link rel=\"canonical\" href=\"https:\/\/www.dongdongsaigon.com\/en\/product\/nhi-choi-le\/\" \/>\n<meta property=\"og:locale\" content=\"en_US\" \/>\n<meta property=\"og:type\" content=\"article\" \/>\n<meta property=\"og:title\" content=\"Nh\u00ed Ch\u01a1i L\u1ec5 - D\u00f2ng D\u00f2ng\" \/>\n<meta property=\"og:description\" content=\"Tote mini - C\u00f3 th\u1ec3 d\u00f9ng l\u00e0m m\u00f3c kho\u00e1 xinh x\u1eafn, ho\u1eb7c \u0111\u1ef1ng ti\u1ec1n l\u1ebb, tai nghe, th\u1ecfi son, hay b\u1ea5t c\u1ee9 m\u00f3n nh\u1ecf nh\u1ecf n\u00e0o b\u1ea1n mu\u1ed1n. V\u1eeba vui m\u1eaft v\u1eeba ti\u1ec7n l\u1ee3i, l\u1ea1i h\u1ea1n ch\u1ebf th\u1ea5t l\u1ea1c.\" \/>\n<meta property=\"og:url\" content=\"https:\/\/www.dongdongsaigon.com\/en\/product\/nhi-choi-le\/\" \/>\n<meta property=\"og:site_name\" content=\"D\u00f2ng D\u00f2ng\" \/>\n<meta property=\"article:publisher\" content=\"https:\/\/www.facebook.com\/dongdongsg\/\" \/>\n<meta property=\"article:modified_time\" content=\"2025-12-09T03:51:37+00:00\" \/>\n<meta property=\"og:image\" content=\"https:\/\/i0.wp.com\/www.dongdongsaigon.com\/wp-content\/uploads\/2025\/08\/Nhi_VN_Listing-1.png?fit=1417%2C1417&#038;ssl=1\" \/>\n\t<meta property=\"og:image:width\" content=\"1417\" \/>\n\t<meta property=\"og:image:height\" content=\"1417\" \/>\n<meta name=\"twitter:card\" content=\"summary_large_image\" \/>\n<script type=\"application\/ld+json\" class=\"yoast-schema-graph\">{\"@context\":\"https:\/\/schema.org\",\"@graph\":[{\"@type\":\"Organization\",\"@id\":\"https:\/\/www.dongdongsaigon.com\/#organization\",\"name\":\"D\\u00f2ng D\\u00f2ng S\\u00e0i G\\u00f2n\",\"url\":\"https:\/\/www.dongdongsaigon.com\/\",\"sameAs\":[\"https:\/\/www.facebook.com\/dongdongsg\/\",\"https:\/\/www.instagram.com\/dongdongsg\/\"],\"logo\":{\"@type\":\"ImageObject\",\"@id\":\"https:\/\/www.dongdongsaigon.com\/#logo\",\"inLanguage\":\"en-US\",\"url\":\"https:\/\/i0.wp.com\/www.dongdongsaigon.com\/wp-content\/uploads\/2020\/02\/logo-1.png?fit=512%2C512&ssl=1\",\"width\":512,\"height\":512,\"caption\":\"D\\u00f2ng D\\u00f2ng S\\u00e0i G\\u00f2n\"},\"image\":{\"@id\":\"https:\/\/www.dongdongsaigon.com\/#logo\"}},{\"@type\":\"WebSite\",\"@id\":\"https:\/\/www.dongdongsaigon.com\/#website\",\"url\":\"https:\/\/www.dongdongsaigon.com\/\",\"name\":\"D\\u00f2ng D\\u00f2ng\",\"description\":\"S\\u1ea3n xu\\u1ea5t th\\u1ee7 c\\u00f4ng t\\u1eeb b\\u1ea1t t\\u00e1i ch\\u1ebf b\\u1ec1n ch\\u1eafc\",\"publisher\":{\"@id\":\"https:\/\/www.dongdongsaigon.com\/#organization\"},\"potentialAction\":[{\"@type\":\"SearchAction\",\"target\":\"https:\/\/www.dongdongsaigon.com\/?s={search_term_string}\",\"query-input\":\"required name=search_term_string\"}],\"inLanguage\":\"en-US\"},{\"@type\":\"ImageObject\",\"@id\":\"https:\/\/www.dongdongsaigon.com\/product\/nhi-choi-le\/#primaryimage\",\"inLanguage\":\"en-US\",\"url\":\"https:\/\/i0.wp.com\/www.dongdongsaigon.com\/wp-content\/uploads\/2025\/08\/Nhi_VN_Listing-1.png?fit=1417%2C1417&ssl=1\",\"width\":1417,\"height\":1417},{\"@type\":\"WebPage\",\"@id\":\"https:\/\/www.dongdongsaigon.com\/product\/nhi-choi-le\/#webpage\",\"url\":\"https:\/\/www.dongdongsaigon.com\/product\/nhi-choi-le\/\",\"name\":\"Nh\\u00ed Ch\\u01a1i L\\u1ec5 - D\\u00f2ng D\\u00f2ng\",\"isPartOf\":{\"@id\":\"https:\/\/www.dongdongsaigon.com\/#website\"},\"primaryImageOfPage\":{\"@id\":\"https:\/\/www.dongdongsaigon.com\/product\/nhi-choi-le\/#primaryimage\"},\"datePublished\":\"2025-08-30T08:05:54+00:00\",\"dateModified\":\"2025-12-09T03:51:37+00:00\",\"inLanguage\":\"en-US\",\"potentialAction\":[{\"@type\":\"ReadAction\",\"target\":[\"https:\/\/www.dongdongsaigon.com\/product\/nhi-choi-le\/\"]}]}]}<\/script>","_links":{"self":[{"href":"https:\/\/www.dongdongsaigon.com\/en\/wp-json\/wp\/v3\/product\/7179"}],"collection":[{"href":"https:\/\/www.dongdongsaigon.com\/en\/wp-json\/wp\/v3\/product"}],"about":[{"href":"https:\/\/www.dongdongsaigon.com\/en\/wp-json\/wp\/v2\/types\/product"}],"wp:featuredmedia":[{"embeddable":true,"href":"https:\/\/www.dongdongsaigon.com\/en\/wp-json\/wp\/v2\/media\/7186"}],"wp:attachment":[{"href":"https:\/\/www.dongdongsaigon.com\/en\/wp-json\/wp\/v2\/media?parent=7179"}],"wp:term":[{"taxonomy":"product_cat","embeddable":true,"href":"https:\/\/www.dongdongsaigon.com\/en\/wp-json\/wp\/v2\/product_cat?post=7179"},{"taxonomy":"product_tag","embeddable":true,"href":"https:\/\/www.dongdongsaigon.com\/en\/wp-json\/wp\/v2\/product_tag?post=7179"}],"curies":[{"name":"wp","href":"https:\/\/api.w.org\/{rel}","templated":true}]}}