{"id":6934,"date":"2025-08-20T13:30:34","date_gmt":"2025-08-20T06:30:34","guid":{"rendered":"https:\/\/www.dongdongsaigon.com\/?post_type=product&#038;p=6934"},"modified":"2026-01-14T10:02:12","modified_gmt":"2026-01-14T03:02:12","slug":"bong-hong-01","status":"publish","type":"product","link":"https:\/\/www.dongdongsaigon.com\/en\/product\/bong-hong-01\/","title":{"rendered":"B\u00f3ng H\u1ed3ng 01"},"content":{"rendered":"","protected":false},"excerpt":{"rendered":"<p>B\u00f3ng h\u1ed3ng th\u1ea5p tho\u00e1ng ngang qua,<br data-start=\"97\" data-end=\"100\" \/>L\u1ea5p trong manh b\u1ea1t n\u1eafng m\u01b0a d\u00e3i d\u1ea7u.<br data-start=\"134\" data-end=\"137\" \/>Vai ai \u0111eo t\u00fai vu\u00f4ng tr\u00f2n,<br data-start=\"164\" data-end=\"167\" \/>May t\u1eeb b\u1ea1t c\u0169, qu\u1eadn 5 g\u1eedi v\u1ec1!<\/p>","protected":false},"featured_media":7134,"template":"","meta":[],"product_cat":[143,19],"product_tag":[],"yoast_head":"<meta name=\"robots\" content=\"index, follow, max-snippet:-1, max-image-preview:large, max-video-preview:-1\" \/>\n<link rel=\"canonical\" href=\"https:\/\/www.dongdongsaigon.com\/en\/product\/bong-hong-01\/\" \/>\n<meta property=\"og:locale\" content=\"en_US\" \/>\n<meta property=\"og:type\" content=\"article\" \/>\n<meta property=\"og:title\" content=\"B\u00f3ng H\u1ed3ng 01 - D\u00f2ng D\u00f2ng\" \/>\n<meta property=\"og:description\" content=\"B\u00f3ng h\u1ed3ng th\u1ea5p tho\u00e1ng ngang qua,L\u1ea5p trong manh b\u1ea1t n\u1eafng m\u01b0a d\u00e3i d\u1ea7u.Vai ai \u0111eo t\u00fai vu\u00f4ng tr\u00f2n,May t\u1eeb b\u1ea1t c\u0169, qu\u1eadn 5 g\u1eedi v\u1ec1!\" \/>\n<meta property=\"og:url\" content=\"https:\/\/www.dongdongsaigon.com\/en\/product\/bong-hong-01\/\" \/>\n<meta property=\"og:site_name\" content=\"D\u00f2ng D\u00f2ng\" \/>\n<meta property=\"article:publisher\" content=\"https:\/\/www.facebook.com\/dongdongsg\/\" \/>\n<meta property=\"article:modified_time\" content=\"2026-01-14T03:02:12+00:00\" \/>\n<meta property=\"og:image\" content=\"https:\/\/i0.wp.com\/www.dongdongsaigon.com\/wp-content\/uploads\/2025\/08\/D5_11_listing-1.png?fit=1417%2C1417&#038;ssl=1\" \/>\n\t<meta property=\"og:image:width\" content=\"1417\" \/>\n\t<meta property=\"og:image:height\" content=\"1417\" \/>\n<meta name=\"twitter:card\" content=\"summary_large_image\" \/>\n<script type=\"application\/ld+json\" class=\"yoast-schema-graph\">{\"@context\":\"https:\/\/schema.org\",\"@graph\":[{\"@type\":\"Organization\",\"@id\":\"https:\/\/www.dongdongsaigon.com\/#organization\",\"name\":\"D\\u00f2ng D\\u00f2ng S\\u00e0i G\\u00f2n\",\"url\":\"https:\/\/www.dongdongsaigon.com\/\",\"sameAs\":[\"https:\/\/www.facebook.com\/dongdongsg\/\",\"https:\/\/www.instagram.com\/dongdongsg\/\"],\"logo\":{\"@type\":\"ImageObject\",\"@id\":\"https:\/\/www.dongdongsaigon.com\/#logo\",\"inLanguage\":\"en-US\",\"url\":\"https:\/\/i0.wp.com\/www.dongdongsaigon.com\/wp-content\/uploads\/2020\/02\/logo-1.png?fit=512%2C512&ssl=1\",\"width\":512,\"height\":512,\"caption\":\"D\\u00f2ng D\\u00f2ng S\\u00e0i G\\u00f2n\"},\"image\":{\"@id\":\"https:\/\/www.dongdongsaigon.com\/#logo\"}},{\"@type\":\"WebSite\",\"@id\":\"https:\/\/www.dongdongsaigon.com\/#website\",\"url\":\"https:\/\/www.dongdongsaigon.com\/\",\"name\":\"D\\u00f2ng D\\u00f2ng\",\"description\":\"S\\u1ea3n xu\\u1ea5t th\\u1ee7 c\\u00f4ng t\\u1eeb b\\u1ea1t t\\u00e1i ch\\u1ebf b\\u1ec1n ch\\u1eafc\",\"publisher\":{\"@id\":\"https:\/\/www.dongdongsaigon.com\/#organization\"},\"potentialAction\":[{\"@type\":\"SearchAction\",\"target\":\"https:\/\/www.dongdongsaigon.com\/?s={search_term_string}\",\"query-input\":\"required name=search_term_string\"}],\"inLanguage\":\"en-US\"},{\"@type\":\"ImageObject\",\"@id\":\"https:\/\/www.dongdongsaigon.com\/product\/bong-hong-01\/#primaryimage\",\"inLanguage\":\"en-US\",\"url\":\"https:\/\/i0.wp.com\/www.dongdongsaigon.com\/wp-content\/uploads\/2025\/08\/D5_11_listing-1.png?fit=1417%2C1417&ssl=1\",\"width\":1417,\"height\":1417,\"caption\":\"Upcycled Backpack\"},{\"@type\":\"WebPage\",\"@id\":\"https:\/\/www.dongdongsaigon.com\/product\/bong-hong-01\/#webpage\",\"url\":\"https:\/\/www.dongdongsaigon.com\/product\/bong-hong-01\/\",\"name\":\"B\\u00f3ng H\\u1ed3ng 01 - D\\u00f2ng D\\u00f2ng\",\"isPartOf\":{\"@id\":\"https:\/\/www.dongdongsaigon.com\/#website\"},\"primaryImageOfPage\":{\"@id\":\"https:\/\/www.dongdongsaigon.com\/product\/bong-hong-01\/#primaryimage\"},\"datePublished\":\"2025-08-20T06:30:34+00:00\",\"dateModified\":\"2026-01-14T03:02:12+00:00\",\"inLanguage\":\"en-US\",\"potentialAction\":[{\"@type\":\"ReadAction\",\"target\":[\"https:\/\/www.dongdongsaigon.com\/product\/bong-hong-01\/\"]}]}]}<\/script>","_links":{"self":[{"href":"https:\/\/www.dongdongsaigon.com\/en\/wp-json\/wp\/v3\/product\/6934"}],"collection":[{"href":"https:\/\/www.dongdongsaigon.com\/en\/wp-json\/wp\/v3\/product"}],"about":[{"href":"https:\/\/www.dongdongsaigon.com\/en\/wp-json\/wp\/v2\/types\/product"}],"wp:featuredmedia":[{"embeddable":true,"href":"https:\/\/www.dongdongsaigon.com\/en\/wp-json\/wp\/v2\/media\/7134"}],"wp:attachment":[{"href":"https:\/\/www.dongdongsaigon.com\/en\/wp-json\/wp\/v2\/media?parent=6934"}],"wp:term":[{"taxonomy":"product_cat","embeddable":true,"href":"https:\/\/www.dongdongsaigon.com\/en\/wp-json\/wp\/v2\/product_cat?post=6934"},{"taxonomy":"product_tag","embeddable":true,"href":"https:\/\/www.dongdongsaigon.com\/en\/wp-json\/wp\/v2\/product_tag?post=6934"}],"curies":[{"name":"wp","href":"https:\/\/api.w.org\/{rel}","templated":true}]}}