{"id":6174,"date":"2025-06-18T17:10:12","date_gmt":"2025-06-18T10:10:12","guid":{"rendered":"https:\/\/www.dongdongsaigon.com\/?post_type=product&#038;p=6174"},"modified":"2025-08-21T16:21:50","modified_gmt":"2025-08-21T09:21:50","slug":"trong-trai","status":"publish","type":"product","link":"https:\/\/www.dongdongsaigon.com\/en\/product\/trong-trai\/","title":{"rendered":"Tr\u1ed1ng Tr\u1ea3i"},"content":{"rendered":"","protected":false},"excerpt":{"rendered":"<p>D\u00e2y \u0111eo linh ho\u1ea1t d\u00f9 th\u1eb3ng nh\u01b0 c\u1ed9t \u0111i\u1ec7n, ngang nh\u01b0 tr\u1ed1ng c\u01a1m hay nghi\u00eang nh\u01b0 th\u00e1p Pisa. D\u00e2y r\u00e0ng \u0111an ch\u1eafc ch\u1eafn, co gi\u00e3n cho m\u1ecdi k\u00edch th\u01b0\u1edbc b\u00ecnh. L\u1edbp ngo\u00e0i b\u1ea1t m\u00e1i hi\u00ean ch\u1ed1ng m\u01b0a, ch\u1ed1ng b\u1ea9n &#8211; l\u00f3t trong b\u1eb1ng b\u1ea1t t\u00f4m, ch\u1ea5t li\u1ec7u b\u1ec1n ch\u1eafc ch\u1ed1ng th\u1ea5m, gi\u1eef nhi\u1ec7t v\u00e0 ch\u1ecbu l\u1ef1c. N\u1eafp r\u00fat hai \u0111\u1ea7u thi\u1ebft k\u1ebf \u0111\u1ed1i x\u1ee9ng, thu\u1eadn tay n\u00e0o m\u1edf tay \u0111\u00f3.<\/p>","protected":false},"featured_media":6197,"template":"","meta":[],"product_cat":[142],"product_tag":[],"yoast_head":"<meta name=\"robots\" content=\"index, follow, max-snippet:-1, max-image-preview:large, max-video-preview:-1\" \/>\n<link rel=\"canonical\" href=\"https:\/\/www.dongdongsaigon.com\/en\/product\/trong-trai\/\" \/>\n<meta property=\"og:locale\" content=\"en_US\" \/>\n<meta property=\"og:type\" content=\"article\" \/>\n<meta property=\"og:title\" content=\"Tr\u1ed1ng Tr\u1ea3i - D\u00f2ng D\u00f2ng\" \/>\n<meta property=\"og:description\" content=\"D\u00e2y \u0111eo linh ho\u1ea1t d\u00f9 th\u1eb3ng nh\u01b0 c\u1ed9t \u0111i\u1ec7n, ngang nh\u01b0 tr\u1ed1ng c\u01a1m hay nghi\u00eang nh\u01b0 th\u00e1p Pisa. D\u00e2y r\u00e0ng \u0111an ch\u1eafc ch\u1eafn, co gi\u00e3n cho m\u1ecdi k\u00edch th\u01b0\u1edbc b\u00ecnh. L\u1edbp ngo\u00e0i b\u1ea1t m\u00e1i hi\u00ean ch\u1ed1ng m\u01b0a, ch\u1ed1ng b\u1ea9n - l\u00f3t trong b\u1eb1ng b\u1ea1t t\u00f4m, ch\u1ea5t li\u1ec7u b\u1ec1n ch\u1eafc ch\u1ed1ng th\u1ea5m, gi\u1eef nhi\u1ec7t v\u00e0 ch\u1ecbu l\u1ef1c. N\u1eafp r\u00fat hai \u0111\u1ea7u thi\u1ebft k\u1ebf \u0111\u1ed1i x\u1ee9ng, thu\u1eadn tay n\u00e0o m\u1edf tay \u0111\u00f3.\" \/>\n<meta property=\"og:url\" content=\"https:\/\/www.dongdongsaigon.com\/en\/product\/trong-trai\/\" \/>\n<meta property=\"og:site_name\" content=\"D\u00f2ng D\u00f2ng\" \/>\n<meta property=\"article:publisher\" content=\"https:\/\/www.facebook.com\/dongdongsg\/\" \/>\n<meta property=\"article:modified_time\" content=\"2025-08-21T09:21:50+00:00\" \/>\n<meta property=\"og:image\" content=\"https:\/\/i0.wp.com\/www.dongdongsaigon.com\/wp-content\/uploads\/2025\/06\/tu\u0301i-bi\u0300nh-nu\u031bo\u031b\u0301c-listingiamge-1.png?fit=1417%2C1417&#038;ssl=1\" \/>\n\t<meta property=\"og:image:width\" content=\"1417\" \/>\n\t<meta property=\"og:image:height\" content=\"1417\" \/>\n<meta name=\"twitter:card\" content=\"summary_large_image\" \/>\n<script type=\"application\/ld+json\" class=\"yoast-schema-graph\">{\"@context\":\"https:\/\/schema.org\",\"@graph\":[{\"@type\":\"Organization\",\"@id\":\"https:\/\/www.dongdongsaigon.com\/#organization\",\"name\":\"D\\u00f2ng D\\u00f2ng S\\u00e0i G\\u00f2n\",\"url\":\"https:\/\/www.dongdongsaigon.com\/\",\"sameAs\":[\"https:\/\/www.facebook.com\/dongdongsg\/\",\"https:\/\/www.instagram.com\/dongdongsg\/\"],\"logo\":{\"@type\":\"ImageObject\",\"@id\":\"https:\/\/www.dongdongsaigon.com\/#logo\",\"inLanguage\":\"en-US\",\"url\":\"https:\/\/i0.wp.com\/www.dongdongsaigon.com\/wp-content\/uploads\/2020\/02\/logo-1.png?fit=512%2C512&ssl=1\",\"width\":512,\"height\":512,\"caption\":\"D\\u00f2ng D\\u00f2ng S\\u00e0i G\\u00f2n\"},\"image\":{\"@id\":\"https:\/\/www.dongdongsaigon.com\/#logo\"}},{\"@type\":\"WebSite\",\"@id\":\"https:\/\/www.dongdongsaigon.com\/#website\",\"url\":\"https:\/\/www.dongdongsaigon.com\/\",\"name\":\"D\\u00f2ng D\\u00f2ng\",\"description\":\"S\\u1ea3n xu\\u1ea5t th\\u1ee7 c\\u00f4ng t\\u1eeb b\\u1ea1t t\\u00e1i ch\\u1ebf b\\u1ec1n ch\\u1eafc\",\"publisher\":{\"@id\":\"https:\/\/www.dongdongsaigon.com\/#organization\"},\"potentialAction\":[{\"@type\":\"SearchAction\",\"target\":\"https:\/\/www.dongdongsaigon.com\/?s={search_term_string}\",\"query-input\":\"required name=search_term_string\"}],\"inLanguage\":\"en-US\"},{\"@type\":\"ImageObject\",\"@id\":\"https:\/\/www.dongdongsaigon.com\/product\/trong-trai\/#primaryimage\",\"inLanguage\":\"en-US\",\"url\":\"https:\/\/i0.wp.com\/www.dongdongsaigon.com\/wp-content\/uploads\/2025\/06\/tu\\u0301i-bi\\u0300nh-nu\\u031bo\\u031b\\u0301c-listingiamge-1.png?fit=1417%2C1417&ssl=1\",\"width\":1417,\"height\":1417},{\"@type\":\"WebPage\",\"@id\":\"https:\/\/www.dongdongsaigon.com\/product\/trong-trai\/#webpage\",\"url\":\"https:\/\/www.dongdongsaigon.com\/product\/trong-trai\/\",\"name\":\"Tr\\u1ed1ng Tr\\u1ea3i - D\\u00f2ng D\\u00f2ng\",\"isPartOf\":{\"@id\":\"https:\/\/www.dongdongsaigon.com\/#website\"},\"primaryImageOfPage\":{\"@id\":\"https:\/\/www.dongdongsaigon.com\/product\/trong-trai\/#primaryimage\"},\"datePublished\":\"2025-06-18T10:10:12+00:00\",\"dateModified\":\"2025-08-21T09:21:50+00:00\",\"inLanguage\":\"en-US\",\"potentialAction\":[{\"@type\":\"ReadAction\",\"target\":[\"https:\/\/www.dongdongsaigon.com\/product\/trong-trai\/\"]}]}]}<\/script>","_links":{"self":[{"href":"https:\/\/www.dongdongsaigon.com\/en\/wp-json\/wp\/v3\/product\/6174"}],"collection":[{"href":"https:\/\/www.dongdongsaigon.com\/en\/wp-json\/wp\/v3\/product"}],"about":[{"href":"https:\/\/www.dongdongsaigon.com\/en\/wp-json\/wp\/v2\/types\/product"}],"wp:featuredmedia":[{"embeddable":true,"href":"https:\/\/www.dongdongsaigon.com\/en\/wp-json\/wp\/v2\/media\/6197"}],"wp:attachment":[{"href":"https:\/\/www.dongdongsaigon.com\/en\/wp-json\/wp\/v2\/media?parent=6174"}],"wp:term":[{"taxonomy":"product_cat","embeddable":true,"href":"https:\/\/www.dongdongsaigon.com\/en\/wp-json\/wp\/v2\/product_cat?post=6174"},{"taxonomy":"product_tag","embeddable":true,"href":"https:\/\/www.dongdongsaigon.com\/en\/wp-json\/wp\/v2\/product_tag?post=6174"}],"curies":[{"name":"wp","href":"https:\/\/api.w.org\/{rel}","templated":true}]}}