{"id":6032,"date":"2025-03-19T11:24:54","date_gmt":"2025-03-19T04:24:54","guid":{"rendered":"https:\/\/www.dongdongsaigon.com\/?post_type=product&#038;p=6032"},"modified":"2025-06-02T11:57:56","modified_gmt":"2025-06-02T04:57:56","slug":"hop-bong-gon","status":"publish","type":"product","link":"https:\/\/www.dongdongsaigon.com\/en\/product\/hop-bong-gon\/","title":{"rendered":"H\u1ee3p B\u00f4ng G\u00f2n"},"content":{"rendered":"","protected":false},"excerpt":{"rendered":"<p>Mang t\u00fai B\u00f4ng G\u00f2n \u0111\u1ec3 \u0111\u1eddi m\u1ec1m m\u1ea1, nh\u1eb9 nh\u00e0ng t\u1ef1a b\u00f4ng g\u00f2n.<\/p>","protected":false},"featured_media":6036,"template":"","meta":[],"product_cat":[128],"product_tag":[],"yoast_head":"<meta name=\"robots\" content=\"index, follow, max-snippet:-1, max-image-preview:large, max-video-preview:-1\" \/>\n<link rel=\"canonical\" href=\"https:\/\/www.dongdongsaigon.com\/en\/product\/hop-bong-gon\/\" \/>\n<meta property=\"og:locale\" content=\"en_US\" \/>\n<meta property=\"og:type\" content=\"article\" \/>\n<meta property=\"og:title\" content=\"H\u1ee3p B\u00f4ng G\u00f2n - D\u00f2ng D\u00f2ng\" \/>\n<meta property=\"og:description\" content=\"Mang t\u00fai B\u00f4ng G\u00f2n \u0111\u1ec3 \u0111\u1eddi m\u1ec1m m\u1ea1, nh\u1eb9 nh\u00e0ng t\u1ef1a b\u00f4ng g\u00f2n.\" \/>\n<meta property=\"og:url\" content=\"https:\/\/www.dongdongsaigon.com\/en\/product\/hop-bong-gon\/\" \/>\n<meta property=\"og:site_name\" content=\"D\u00f2ng D\u00f2ng\" \/>\n<meta property=\"article:publisher\" content=\"https:\/\/www.facebook.com\/dongdongsg\/\" \/>\n<meta property=\"article:modified_time\" content=\"2025-06-02T04:57:56+00:00\" \/>\n<meta property=\"og:image\" content=\"https:\/\/i0.wp.com\/www.dongdongsaigon.com\/wp-content\/uploads\/2025\/03\/cr-listing.png?fit=1417%2C1417&#038;ssl=1\" \/>\n\t<meta property=\"og:image:width\" content=\"1417\" \/>\n\t<meta property=\"og:image:height\" content=\"1417\" \/>\n<meta name=\"twitter:card\" content=\"summary_large_image\" \/>\n<script type=\"application\/ld+json\" class=\"yoast-schema-graph\">{\"@context\":\"https:\/\/schema.org\",\"@graph\":[{\"@type\":\"Organization\",\"@id\":\"https:\/\/www.dongdongsaigon.com\/#organization\",\"name\":\"D\\u00f2ng D\\u00f2ng S\\u00e0i G\\u00f2n\",\"url\":\"https:\/\/www.dongdongsaigon.com\/\",\"sameAs\":[\"https:\/\/www.facebook.com\/dongdongsg\/\",\"https:\/\/www.instagram.com\/dongdongsg\/\"],\"logo\":{\"@type\":\"ImageObject\",\"@id\":\"https:\/\/www.dongdongsaigon.com\/#logo\",\"inLanguage\":\"en-US\",\"url\":\"https:\/\/i0.wp.com\/www.dongdongsaigon.com\/wp-content\/uploads\/2020\/02\/logo-1.png?fit=512%2C512&ssl=1\",\"width\":512,\"height\":512,\"caption\":\"D\\u00f2ng D\\u00f2ng S\\u00e0i G\\u00f2n\"},\"image\":{\"@id\":\"https:\/\/www.dongdongsaigon.com\/#logo\"}},{\"@type\":\"WebSite\",\"@id\":\"https:\/\/www.dongdongsaigon.com\/#website\",\"url\":\"https:\/\/www.dongdongsaigon.com\/\",\"name\":\"D\\u00f2ng D\\u00f2ng\",\"description\":\"S\\u1ea3n xu\\u1ea5t th\\u1ee7 c\\u00f4ng t\\u1eeb b\\u1ea1t t\\u00e1i ch\\u1ebf b\\u1ec1n ch\\u1eafc\",\"publisher\":{\"@id\":\"https:\/\/www.dongdongsaigon.com\/#organization\"},\"potentialAction\":[{\"@type\":\"SearchAction\",\"target\":\"https:\/\/www.dongdongsaigon.com\/?s={search_term_string}\",\"query-input\":\"required name=search_term_string\"}],\"inLanguage\":\"en-US\"},{\"@type\":\"ImageObject\",\"@id\":\"https:\/\/www.dongdongsaigon.com\/product\/hop-bong-gon\/#primaryimage\",\"inLanguage\":\"en-US\",\"url\":\"https:\/\/i0.wp.com\/www.dongdongsaigon.com\/wp-content\/uploads\/2025\/03\/cr-listing.png?fit=1417%2C1417&ssl=1\",\"width\":1417,\"height\":1417},{\"@type\":\"WebPage\",\"@id\":\"https:\/\/www.dongdongsaigon.com\/product\/hop-bong-gon\/#webpage\",\"url\":\"https:\/\/www.dongdongsaigon.com\/product\/hop-bong-gon\/\",\"name\":\"H\\u1ee3p B\\u00f4ng G\\u00f2n - D\\u00f2ng D\\u00f2ng\",\"isPartOf\":{\"@id\":\"https:\/\/www.dongdongsaigon.com\/#website\"},\"primaryImageOfPage\":{\"@id\":\"https:\/\/www.dongdongsaigon.com\/product\/hop-bong-gon\/#primaryimage\"},\"datePublished\":\"2025-03-19T04:24:54+00:00\",\"dateModified\":\"2025-06-02T04:57:56+00:00\",\"inLanguage\":\"en-US\",\"potentialAction\":[{\"@type\":\"ReadAction\",\"target\":[\"https:\/\/www.dongdongsaigon.com\/product\/hop-bong-gon\/\"]}]}]}<\/script>","_links":{"self":[{"href":"https:\/\/www.dongdongsaigon.com\/en\/wp-json\/wp\/v3\/product\/6032"}],"collection":[{"href":"https:\/\/www.dongdongsaigon.com\/en\/wp-json\/wp\/v3\/product"}],"about":[{"href":"https:\/\/www.dongdongsaigon.com\/en\/wp-json\/wp\/v2\/types\/product"}],"wp:featuredmedia":[{"embeddable":true,"href":"https:\/\/www.dongdongsaigon.com\/en\/wp-json\/wp\/v2\/media\/6036"}],"wp:attachment":[{"href":"https:\/\/www.dongdongsaigon.com\/en\/wp-json\/wp\/v2\/media?parent=6032"}],"wp:term":[{"taxonomy":"product_cat","embeddable":true,"href":"https:\/\/www.dongdongsaigon.com\/en\/wp-json\/wp\/v2\/product_cat?post=6032"},{"taxonomy":"product_tag","embeddable":true,"href":"https:\/\/www.dongdongsaigon.com\/en\/wp-json\/wp\/v2\/product_tag?post=6032"}],"curies":[{"name":"wp","href":"https:\/\/api.w.org\/{rel}","templated":true}]}}