{"id":5917,"date":"2025-02-07T10:46:16","date_gmt":"2025-02-07T03:46:16","guid":{"rendered":"https:\/\/www.dongdongsaigon.com\/?post_type=product&#038;p=5917"},"modified":"2025-05-12T23:05:22","modified_gmt":"2025-05-12T16:05:22","slug":"ti-kem","status":"publish","type":"product","link":"https:\/\/www.dongdongsaigon.com\/en\/product\/ti-kem\/","title":{"rendered":"T\u00ed Kem"},"content":{"rendered":"","protected":false},"excerpt":{"rendered":"<p>C\u00f4ng d\u1ee5ng: balo cho ng\u01b0\u1eddi t\u00ed hon, m\u00f3c kho\u00e1 cho ng\u01b0\u1eddi b\u00ecnh th\u01b0\u1eddng.<\/p>","protected":false},"featured_media":5921,"template":"","meta":[],"product_cat":[94],"product_tag":[],"yoast_head":"<meta name=\"robots\" content=\"index, follow, max-snippet:-1, max-image-preview:large, max-video-preview:-1\" \/>\n<link rel=\"canonical\" href=\"https:\/\/www.dongdongsaigon.com\/en\/product\/ti-kem\/\" \/>\n<meta property=\"og:locale\" content=\"en_US\" \/>\n<meta property=\"og:type\" content=\"article\" \/>\n<meta property=\"og:title\" content=\"T\u00ed Kem - D\u00f2ng D\u00f2ng\" \/>\n<meta property=\"og:description\" content=\"C\u00f4ng d\u1ee5ng: balo cho ng\u01b0\u1eddi t\u00ed hon, m\u00f3c kho\u00e1 cho ng\u01b0\u1eddi b\u00ecnh th\u01b0\u1eddng.\" \/>\n<meta property=\"og:url\" content=\"https:\/\/www.dongdongsaigon.com\/en\/product\/ti-kem\/\" \/>\n<meta property=\"og:site_name\" content=\"D\u00f2ng D\u00f2ng\" \/>\n<meta property=\"article:publisher\" content=\"https:\/\/www.facebook.com\/dongdongsg\/\" \/>\n<meta property=\"article:modified_time\" content=\"2025-05-12T16:05:22+00:00\" \/>\n<meta property=\"og:image\" content=\"https:\/\/i0.wp.com\/www.dongdongsaigon.com\/wp-content\/uploads\/2025\/02\/Ti-listing.png?fit=1417%2C1417&#038;ssl=1\" \/>\n\t<meta property=\"og:image:width\" content=\"1417\" \/>\n\t<meta property=\"og:image:height\" content=\"1417\" \/>\n<meta name=\"twitter:card\" content=\"summary_large_image\" \/>\n<script type=\"application\/ld+json\" class=\"yoast-schema-graph\">{\"@context\":\"https:\/\/schema.org\",\"@graph\":[{\"@type\":\"Organization\",\"@id\":\"https:\/\/www.dongdongsaigon.com\/#organization\",\"name\":\"D\\u00f2ng D\\u00f2ng S\\u00e0i G\\u00f2n\",\"url\":\"https:\/\/www.dongdongsaigon.com\/\",\"sameAs\":[\"https:\/\/www.facebook.com\/dongdongsg\/\",\"https:\/\/www.instagram.com\/dongdongsg\/\"],\"logo\":{\"@type\":\"ImageObject\",\"@id\":\"https:\/\/www.dongdongsaigon.com\/#logo\",\"inLanguage\":\"en-US\",\"url\":\"https:\/\/i0.wp.com\/www.dongdongsaigon.com\/wp-content\/uploads\/2020\/02\/logo-1.png?fit=512%2C512&ssl=1\",\"width\":512,\"height\":512,\"caption\":\"D\\u00f2ng D\\u00f2ng S\\u00e0i G\\u00f2n\"},\"image\":{\"@id\":\"https:\/\/www.dongdongsaigon.com\/#logo\"}},{\"@type\":\"WebSite\",\"@id\":\"https:\/\/www.dongdongsaigon.com\/#website\",\"url\":\"https:\/\/www.dongdongsaigon.com\/\",\"name\":\"D\\u00f2ng D\\u00f2ng\",\"description\":\"S\\u1ea3n xu\\u1ea5t th\\u1ee7 c\\u00f4ng t\\u1eeb b\\u1ea1t t\\u00e1i ch\\u1ebf b\\u1ec1n ch\\u1eafc\",\"publisher\":{\"@id\":\"https:\/\/www.dongdongsaigon.com\/#organization\"},\"potentialAction\":[{\"@type\":\"SearchAction\",\"target\":\"https:\/\/www.dongdongsaigon.com\/?s={search_term_string}\",\"query-input\":\"required name=search_term_string\"}],\"inLanguage\":\"en-US\"},{\"@type\":\"ImageObject\",\"@id\":\"https:\/\/www.dongdongsaigon.com\/product\/ti-kem\/#primaryimage\",\"inLanguage\":\"en-US\",\"url\":\"https:\/\/i0.wp.com\/www.dongdongsaigon.com\/wp-content\/uploads\/2025\/02\/Ti-listing.png?fit=1417%2C1417&ssl=1\",\"width\":1417,\"height\":1417},{\"@type\":\"WebPage\",\"@id\":\"https:\/\/www.dongdongsaigon.com\/product\/ti-kem\/#webpage\",\"url\":\"https:\/\/www.dongdongsaigon.com\/product\/ti-kem\/\",\"name\":\"T\\u00ed Kem - D\\u00f2ng D\\u00f2ng\",\"isPartOf\":{\"@id\":\"https:\/\/www.dongdongsaigon.com\/#website\"},\"primaryImageOfPage\":{\"@id\":\"https:\/\/www.dongdongsaigon.com\/product\/ti-kem\/#primaryimage\"},\"datePublished\":\"2025-02-07T03:46:16+00:00\",\"dateModified\":\"2025-05-12T16:05:22+00:00\",\"inLanguage\":\"en-US\",\"potentialAction\":[{\"@type\":\"ReadAction\",\"target\":[\"https:\/\/www.dongdongsaigon.com\/product\/ti-kem\/\"]}]}]}<\/script>","_links":{"self":[{"href":"https:\/\/www.dongdongsaigon.com\/en\/wp-json\/wp\/v3\/product\/5917"}],"collection":[{"href":"https:\/\/www.dongdongsaigon.com\/en\/wp-json\/wp\/v3\/product"}],"about":[{"href":"https:\/\/www.dongdongsaigon.com\/en\/wp-json\/wp\/v2\/types\/product"}],"wp:featuredmedia":[{"embeddable":true,"href":"https:\/\/www.dongdongsaigon.com\/en\/wp-json\/wp\/v2\/media\/5921"}],"wp:attachment":[{"href":"https:\/\/www.dongdongsaigon.com\/en\/wp-json\/wp\/v2\/media?parent=5917"}],"wp:term":[{"taxonomy":"product_cat","embeddable":true,"href":"https:\/\/www.dongdongsaigon.com\/en\/wp-json\/wp\/v2\/product_cat?post=5917"},{"taxonomy":"product_tag","embeddable":true,"href":"https:\/\/www.dongdongsaigon.com\/en\/wp-json\/wp\/v2\/product_tag?post=5917"}],"curies":[{"name":"wp","href":"https:\/\/api.w.org\/{rel}","templated":true}]}}