{"id":5870,"date":"2024-12-31T11:21:45","date_gmt":"2024-12-31T04:21:45","guid":{"rendered":"https:\/\/www.dongdongsaigon.com\/?post_type=product&#038;p=5870"},"modified":"2025-01-09T13:30:19","modified_gmt":"2025-01-09T06:30:19","slug":"ran-roi-tuoi-xanh","status":"publish","type":"product","link":"https:\/\/www.dongdongsaigon.com\/en\/product\/ran-roi-tuoi-xanh\/","title":{"rendered":"R\u1eafn R\u1ecfi T\u01b0\u01a1i Xanh"},"content":{"rendered":"","protected":false},"excerpt":{"rendered":"<p>Ch\u00e0o xu\u00e2n \u1ea4t T\u1ef5 2025, D\u00f2ng D\u00f2ng mang \u0111\u1ebfn b\u1ed9 \u0111\u00f4i t\u00fai \u0110\u1ed9 R\u1eafn R\u1ecfi v\u1edbi mong mu\u1ed1n ch\u00fac b\u1ea1n nguy\u00ean n\u0103m l\u1ef1c \u0111i\u1ec1n nh\u01b0 r\u1eafn, nh\u1ecf nh\u1eafn nh\u01b0ng x\u00f4ng x\u00eanh, b\u1ec1n l\u00e2u nh\u01b0 b\u1ea1t t\u00e1i ch\u1ebf.<\/p>\n<p>T\u00fai R\u1eafn R\u1ecfi \u0111eo h\u00f4ng, \u0111eo ch\u00e9o, \u0111eo m\u00e9o, \u0111eo nghi\u00eang, tu\u1ef3 b\u1ea1n tri\u1ec3n.<\/p>\n<p>D\u00e2y k\u00e9o hai chi\u1ec1u gi\u00fap d\u1ec5 d\u00e0ng s\u1eed d\u1ee5ng v\u00f4 s\u1ed1 ng\u0103n b\u00ean trong. Di\u1ec7n m\u1ea1o g\u1ecdn g\u00e0ng nh\u01b0ng s\u1ee9c ch\u1ee9a (ti\u1ec1n l\u00ec x\u00ec) v\u00f4 h\u1ea1n, R\u1eafn R\u1ecfi x\u00f4ng x\u00e1o c\u00f9ng b\u1ea1n tr\u00ean m\u1ed7i chuy\u1ebfn du xu\u00e2n.<\/p>\n<p>Hai m\u00e0u H\u1ed3ng H\u00e0o v\u00e0 T\u01b0\u01a1i Xanh cho b\u1ea1n l\u1ef1a!<\/p>","protected":false},"featured_media":5880,"template":"","meta":[],"product_cat":[73,141],"product_tag":[],"yoast_head":"<meta name=\"robots\" content=\"index, follow, max-snippet:-1, max-image-preview:large, max-video-preview:-1\" \/>\n<link rel=\"canonical\" href=\"https:\/\/www.dongdongsaigon.com\/en\/product\/ran-roi-tuoi-xanh\/\" \/>\n<meta property=\"og:locale\" content=\"en_US\" \/>\n<meta property=\"og:type\" content=\"article\" \/>\n<meta property=\"og:title\" content=\"R\u1eafn R\u1ecfi T\u01b0\u01a1i Xanh - D\u00f2ng D\u00f2ng\" \/>\n<meta property=\"og:description\" content=\"Ch\u00e0o xu\u00e2n \u1ea4t T\u1ef5 2025, D\u00f2ng D\u00f2ng mang \u0111\u1ebfn b\u1ed9 \u0111\u00f4i t\u00fai \u0110\u1ed9 R\u1eafn R\u1ecfi v\u1edbi mong mu\u1ed1n ch\u00fac b\u1ea1n nguy\u00ean n\u0103m l\u1ef1c \u0111i\u1ec1n nh\u01b0 r\u1eafn, nh\u1ecf nh\u1eafn nh\u01b0ng x\u00f4ng x\u00eanh, b\u1ec1n l\u00e2u nh\u01b0 b\u1ea1t t\u00e1i ch\u1ebf.  T\u00fai R\u1eafn R\u1ecfi \u0111eo h\u00f4ng, \u0111eo ch\u00e9o, \u0111eo m\u00e9o, \u0111eo nghi\u00eang, tu\u1ef3 b\u1ea1n tri\u1ec3n.  D\u00e2y k\u00e9o hai chi\u1ec1u gi\u00fap d\u1ec5 d\u00e0ng s\u1eed d\u1ee5ng v\u00f4 s\u1ed1 ng\u0103n b\u00ean trong. Di\u1ec7n m\u1ea1o g\u1ecdn g\u00e0ng nh\u01b0ng s\u1ee9c ch\u1ee9a (ti\u1ec1n l\u00ec x\u00ec) v\u00f4 h\u1ea1n, R\u1eafn R\u1ecfi x\u00f4ng x\u00e1o c\u00f9ng b\u1ea1n tr\u00ean m\u1ed7i chuy\u1ebfn du xu\u00e2n.  Hai m\u00e0u H\u1ed3ng H\u00e0o v\u00e0 T\u01b0\u01a1i Xanh cho b\u1ea1n l\u1ef1a!\" \/>\n<meta property=\"og:url\" content=\"https:\/\/www.dongdongsaigon.com\/en\/product\/ran-roi-tuoi-xanh\/\" \/>\n<meta property=\"og:site_name\" content=\"D\u00f2ng D\u00f2ng\" \/>\n<meta property=\"article:publisher\" content=\"https:\/\/www.facebook.com\/dongdongsg\/\" \/>\n<meta property=\"article:modified_time\" content=\"2025-01-09T06:30:19+00:00\" \/>\n<meta property=\"og:image\" content=\"https:\/\/i0.wp.com\/www.dongdongsaigon.com\/wp-content\/uploads\/2024\/12\/listing-ranluc-1.png?fit=1417%2C1417&#038;ssl=1\" \/>\n\t<meta property=\"og:image:width\" content=\"1417\" \/>\n\t<meta property=\"og:image:height\" content=\"1417\" \/>\n<meta name=\"twitter:card\" content=\"summary_large_image\" \/>\n<script type=\"application\/ld+json\" class=\"yoast-schema-graph\">{\"@context\":\"https:\/\/schema.org\",\"@graph\":[{\"@type\":\"Organization\",\"@id\":\"https:\/\/www.dongdongsaigon.com\/#organization\",\"name\":\"D\\u00f2ng D\\u00f2ng S\\u00e0i G\\u00f2n\",\"url\":\"https:\/\/www.dongdongsaigon.com\/\",\"sameAs\":[\"https:\/\/www.facebook.com\/dongdongsg\/\",\"https:\/\/www.instagram.com\/dongdongsg\/\"],\"logo\":{\"@type\":\"ImageObject\",\"@id\":\"https:\/\/www.dongdongsaigon.com\/#logo\",\"inLanguage\":\"en-US\",\"url\":\"https:\/\/i0.wp.com\/www.dongdongsaigon.com\/wp-content\/uploads\/2020\/02\/logo-1.png?fit=512%2C512&ssl=1\",\"width\":512,\"height\":512,\"caption\":\"D\\u00f2ng D\\u00f2ng S\\u00e0i G\\u00f2n\"},\"image\":{\"@id\":\"https:\/\/www.dongdongsaigon.com\/#logo\"}},{\"@type\":\"WebSite\",\"@id\":\"https:\/\/www.dongdongsaigon.com\/#website\",\"url\":\"https:\/\/www.dongdongsaigon.com\/\",\"name\":\"D\\u00f2ng D\\u00f2ng\",\"description\":\"S\\u1ea3n xu\\u1ea5t th\\u1ee7 c\\u00f4ng t\\u1eeb b\\u1ea1t t\\u00e1i ch\\u1ebf b\\u1ec1n ch\\u1eafc\",\"publisher\":{\"@id\":\"https:\/\/www.dongdongsaigon.com\/#organization\"},\"potentialAction\":[{\"@type\":\"SearchAction\",\"target\":\"https:\/\/www.dongdongsaigon.com\/?s={search_term_string}\",\"query-input\":\"required name=search_term_string\"}],\"inLanguage\":\"en-US\"},{\"@type\":\"ImageObject\",\"@id\":\"https:\/\/www.dongdongsaigon.com\/product\/ran-roi-tuoi-xanh\/#primaryimage\",\"inLanguage\":\"en-US\",\"url\":\"https:\/\/i0.wp.com\/www.dongdongsaigon.com\/wp-content\/uploads\/2024\/12\/listing-ranluc-1.png?fit=1417%2C1417&ssl=1\",\"width\":1417,\"height\":1417},{\"@type\":\"WebPage\",\"@id\":\"https:\/\/www.dongdongsaigon.com\/product\/ran-roi-tuoi-xanh\/#webpage\",\"url\":\"https:\/\/www.dongdongsaigon.com\/product\/ran-roi-tuoi-xanh\/\",\"name\":\"R\\u1eafn R\\u1ecfi T\\u01b0\\u01a1i Xanh - D\\u00f2ng D\\u00f2ng\",\"isPartOf\":{\"@id\":\"https:\/\/www.dongdongsaigon.com\/#website\"},\"primaryImageOfPage\":{\"@id\":\"https:\/\/www.dongdongsaigon.com\/product\/ran-roi-tuoi-xanh\/#primaryimage\"},\"datePublished\":\"2024-12-31T04:21:45+00:00\",\"dateModified\":\"2025-01-09T06:30:19+00:00\",\"inLanguage\":\"en-US\",\"potentialAction\":[{\"@type\":\"ReadAction\",\"target\":[\"https:\/\/www.dongdongsaigon.com\/product\/ran-roi-tuoi-xanh\/\"]}]}]}<\/script>","_links":{"self":[{"href":"https:\/\/www.dongdongsaigon.com\/en\/wp-json\/wp\/v3\/product\/5870"}],"collection":[{"href":"https:\/\/www.dongdongsaigon.com\/en\/wp-json\/wp\/v3\/product"}],"about":[{"href":"https:\/\/www.dongdongsaigon.com\/en\/wp-json\/wp\/v2\/types\/product"}],"wp:featuredmedia":[{"embeddable":true,"href":"https:\/\/www.dongdongsaigon.com\/en\/wp-json\/wp\/v2\/media\/5880"}],"wp:attachment":[{"href":"https:\/\/www.dongdongsaigon.com\/en\/wp-json\/wp\/v2\/media?parent=5870"}],"wp:term":[{"taxonomy":"product_cat","embeddable":true,"href":"https:\/\/www.dongdongsaigon.com\/en\/wp-json\/wp\/v2\/product_cat?post=5870"},{"taxonomy":"product_tag","embeddable":true,"href":"https:\/\/www.dongdongsaigon.com\/en\/wp-json\/wp\/v2\/product_tag?post=5870"}],"curies":[{"name":"wp","href":"https:\/\/api.w.org\/{rel}","templated":true}]}}