{"id":5017,"date":"2024-03-28T20:44:10","date_gmt":"2024-03-28T13:44:10","guid":{"rendered":"https:\/\/www.dongdongsaigon.com\/?post_type=product&#038;p=5017"},"modified":"2026-03-27T14:19:21","modified_gmt":"2026-03-27T07:19:21","slug":"nem-tim-2","status":"publish","type":"product","link":"https:\/\/www.dongdongsaigon.com\/en\/product\/nem-tim-2\/","title":{"rendered":"Nem T\u00edm"},"content":{"rendered":"","protected":false},"excerpt":{"rendered":"<p>Th\u1ebb Nem ch\u1ed1ng n\u01b0\u1edbc, \u0111\u1ef1ng v\u1eeba v\u1eb7n t\u1eeb th\u1ebb nh\u00e0, th\u1ebb t\u00ean cho \u0111\u1ebfn th\u1ebb h\u00e0nh l\u00ed,&#8230;<\/p>","protected":false},"featured_media":8421,"template":"","meta":[],"product_cat":[68],"product_tag":[],"yoast_head":"<meta name=\"robots\" content=\"index, follow, max-snippet:-1, max-image-preview:large, max-video-preview:-1\" \/>\n<link rel=\"canonical\" href=\"https:\/\/www.dongdongsaigon.com\/en\/product\/nem-tim-2\/\" \/>\n<meta property=\"og:locale\" content=\"en_US\" \/>\n<meta property=\"og:type\" content=\"article\" \/>\n<meta property=\"og:title\" content=\"Nem T\u00edm - D\u00f2ng D\u00f2ng\" \/>\n<meta property=\"og:description\" content=\"Th\u1ebb Nem ch\u1ed1ng n\u01b0\u1edbc, \u0111\u1ef1ng v\u1eeba v\u1eb7n t\u1eeb th\u1ebb nh\u00e0, th\u1ebb t\u00ean cho \u0111\u1ebfn th\u1ebb h\u00e0nh l\u00ed,...\" \/>\n<meta property=\"og:url\" content=\"https:\/\/www.dongdongsaigon.com\/en\/product\/nem-tim-2\/\" \/>\n<meta property=\"og:site_name\" content=\"D\u00f2ng D\u00f2ng\" \/>\n<meta property=\"article:publisher\" content=\"https:\/\/www.facebook.com\/dongdongsg\/\" \/>\n<meta property=\"article:modified_time\" content=\"2026-03-27T07:19:21+00:00\" \/>\n<meta property=\"og:image\" content=\"https:\/\/i0.wp.com\/www.dongdongsaigon.com\/wp-content\/uploads\/2024\/03\/Listing.png?fit=1417%2C1417&#038;ssl=1\" \/>\n\t<meta property=\"og:image:width\" content=\"1417\" \/>\n\t<meta property=\"og:image:height\" content=\"1417\" \/>\n<meta name=\"twitter:card\" content=\"summary_large_image\" \/>\n<script type=\"application\/ld+json\" class=\"yoast-schema-graph\">{\"@context\":\"https:\/\/schema.org\",\"@graph\":[{\"@type\":\"Organization\",\"@id\":\"https:\/\/www.dongdongsaigon.com\/#organization\",\"name\":\"D\\u00f2ng D\\u00f2ng S\\u00e0i G\\u00f2n\",\"url\":\"https:\/\/www.dongdongsaigon.com\/\",\"sameAs\":[\"https:\/\/www.facebook.com\/dongdongsg\/\",\"https:\/\/www.instagram.com\/dongdongsg\/\"],\"logo\":{\"@type\":\"ImageObject\",\"@id\":\"https:\/\/www.dongdongsaigon.com\/#logo\",\"inLanguage\":\"en-US\",\"url\":\"https:\/\/i0.wp.com\/www.dongdongsaigon.com\/wp-content\/uploads\/2020\/02\/logo-1.png?fit=512%2C512&ssl=1\",\"width\":512,\"height\":512,\"caption\":\"D\\u00f2ng D\\u00f2ng S\\u00e0i G\\u00f2n\"},\"image\":{\"@id\":\"https:\/\/www.dongdongsaigon.com\/#logo\"}},{\"@type\":\"WebSite\",\"@id\":\"https:\/\/www.dongdongsaigon.com\/#website\",\"url\":\"https:\/\/www.dongdongsaigon.com\/\",\"name\":\"D\\u00f2ng D\\u00f2ng\",\"description\":\"S\\u1ea3n xu\\u1ea5t th\\u1ee7 c\\u00f4ng t\\u1eeb b\\u1ea1t t\\u00e1i ch\\u1ebf b\\u1ec1n ch\\u1eafc\",\"publisher\":{\"@id\":\"https:\/\/www.dongdongsaigon.com\/#organization\"},\"potentialAction\":[{\"@type\":\"SearchAction\",\"target\":\"https:\/\/www.dongdongsaigon.com\/?s={search_term_string}\",\"query-input\":\"required name=search_term_string\"}],\"inLanguage\":\"en-US\"},{\"@type\":\"ImageObject\",\"@id\":\"https:\/\/www.dongdongsaigon.com\/product\/nem-tim-2\/#primaryimage\",\"inLanguage\":\"en-US\",\"url\":\"https:\/\/i0.wp.com\/www.dongdongsaigon.com\/wp-content\/uploads\/2024\/03\/Listing.png?fit=1417%2C1417&ssl=1\",\"width\":1417,\"height\":1417},{\"@type\":\"WebPage\",\"@id\":\"https:\/\/www.dongdongsaigon.com\/product\/nem-tim-2\/#webpage\",\"url\":\"https:\/\/www.dongdongsaigon.com\/product\/nem-tim-2\/\",\"name\":\"Nem T\\u00edm - D\\u00f2ng D\\u00f2ng\",\"isPartOf\":{\"@id\":\"https:\/\/www.dongdongsaigon.com\/#website\"},\"primaryImageOfPage\":{\"@id\":\"https:\/\/www.dongdongsaigon.com\/product\/nem-tim-2\/#primaryimage\"},\"datePublished\":\"2024-03-28T13:44:10+00:00\",\"dateModified\":\"2026-03-27T07:19:21+00:00\",\"inLanguage\":\"en-US\",\"potentialAction\":[{\"@type\":\"ReadAction\",\"target\":[\"https:\/\/www.dongdongsaigon.com\/product\/nem-tim-2\/\"]}]}]}<\/script>","_links":{"self":[{"href":"https:\/\/www.dongdongsaigon.com\/en\/wp-json\/wp\/v3\/product\/5017"}],"collection":[{"href":"https:\/\/www.dongdongsaigon.com\/en\/wp-json\/wp\/v3\/product"}],"about":[{"href":"https:\/\/www.dongdongsaigon.com\/en\/wp-json\/wp\/v2\/types\/product"}],"wp:featuredmedia":[{"embeddable":true,"href":"https:\/\/www.dongdongsaigon.com\/en\/wp-json\/wp\/v2\/media\/8421"}],"wp:attachment":[{"href":"https:\/\/www.dongdongsaigon.com\/en\/wp-json\/wp\/v2\/media?parent=5017"}],"wp:term":[{"taxonomy":"product_cat","embeddable":true,"href":"https:\/\/www.dongdongsaigon.com\/en\/wp-json\/wp\/v2\/product_cat?post=5017"},{"taxonomy":"product_tag","embeddable":true,"href":"https:\/\/www.dongdongsaigon.com\/en\/wp-json\/wp\/v2\/product_tag?post=5017"}],"curies":[{"name":"wp","href":"https:\/\/api.w.org\/{rel}","templated":true}]}}