{"id":4865,"date":"2024-01-01T20:15:27","date_gmt":"2024-01-01T13:15:27","guid":{"rendered":"https:\/\/www.dongdongsaigon.com\/?post_type=product&#038;p=4865"},"modified":"2025-09-26T15:28:16","modified_gmt":"2025-09-26T08:28:16","slug":"thinking","status":"publish","type":"product","link":"https:\/\/www.dongdongsaigon.com\/en\/product\/thinking\/","title":{"rendered":"Th\u00ecnking"},"content":{"rendered":"","protected":false},"excerpt":{"rendered":"<p>M\u1eabu t\u00fai tote \u0111\u1eb7c bi\u1ec7t cho m\u1ed9t m\u00f9a T\u1ebft m\u1edbi: mang k\u1ef9 thu\u1eadt th\u00eau tr\u00ean b\u1ea1t t\u00e1i ch\u1ebf quay tr\u1edf l\u1ea1i, logo c\u00e1ch \u0111i\u1ec7u v\u01b0\u01a1ng mi\u1ec7n, form t\u00fai m\u1edbi \u0111\u1ea7y th\u00e1ch th\u1ee9c v\u00e0 v\u00f4 v\u00e0n ki\u1ec3u \u0111eo cho b\u1ea1n l\u1ef1a ch\u1ecdn.<\/p>\n<p>Mong b\u1ea1n mang t\u00fai Th\u00ecnking \u0111\u1ec3 nguy\u00ean n\u0103m \u0111\u01b0\u1ee3c l\u00e0m vua (trong m\u1ecdi kh\u00eda c\u1ea1nh c\u1ee7a cu\u1ed9c s\u1ed1ng), lu\u00f4n suy s\u00e2u ngh\u0129 k\u0129 v\u00e0 nh\u00ecn xa tr\u00f4ng r\u1ed9ng!<\/p>","protected":false},"featured_media":4874,"template":"","meta":[],"product_cat":[135,23],"product_tag":[],"yoast_head":"<meta name=\"robots\" content=\"index, follow, max-snippet:-1, max-image-preview:large, max-video-preview:-1\" \/>\n<link rel=\"canonical\" href=\"https:\/\/www.dongdongsaigon.com\/en\/product\/thinking\/\" \/>\n<meta property=\"og:locale\" content=\"en_US\" \/>\n<meta property=\"og:type\" content=\"article\" \/>\n<meta property=\"og:title\" content=\"Th\u00ecnking - D\u00f2ng D\u00f2ng\" \/>\n<meta property=\"og:description\" content=\"M\u1eabu t\u00fai tote \u0111\u1eb7c bi\u1ec7t cho m\u1ed9t m\u00f9a T\u1ebft m\u1edbi: mang k\u1ef9 thu\u1eadt th\u00eau tr\u00ean b\u1ea1t t\u00e1i ch\u1ebf quay tr\u1edf l\u1ea1i, logo c\u00e1ch \u0111i\u1ec7u v\u01b0\u01a1ng mi\u1ec7n, form t\u00fai m\u1edbi \u0111\u1ea7y th\u00e1ch th\u1ee9c v\u00e0 v\u00f4 v\u00e0n ki\u1ec3u \u0111eo cho b\u1ea1n l\u1ef1a ch\u1ecdn.  Mong b\u1ea1n mang t\u00fai Th\u00ecnking \u0111\u1ec3 nguy\u00ean n\u0103m \u0111\u01b0\u1ee3c l\u00e0m vua (trong m\u1ecdi kh\u00eda c\u1ea1nh c\u1ee7a cu\u1ed9c s\u1ed1ng), lu\u00f4n suy s\u00e2u ngh\u0129 k\u0129 v\u00e0 nh\u00ecn xa tr\u00f4ng r\u1ed9ng!\" \/>\n<meta property=\"og:url\" content=\"https:\/\/www.dongdongsaigon.com\/en\/product\/thinking\/\" \/>\n<meta property=\"og:site_name\" content=\"D\u00f2ng D\u00f2ng\" \/>\n<meta property=\"article:publisher\" content=\"https:\/\/www.facebook.com\/dongdongsg\/\" \/>\n<meta property=\"article:modified_time\" content=\"2025-09-26T08:28:16+00:00\" \/>\n<meta property=\"og:image\" content=\"https:\/\/i0.wp.com\/www.dongdongsaigon.com\/wp-content\/uploads\/2024\/01\/kiotviet_fcbc28b1887a6f9ea12427cae47d2c26.png?fit=1417%2C1417&#038;ssl=1\" \/>\n\t<meta property=\"og:image:width\" content=\"1417\" \/>\n\t<meta property=\"og:image:height\" content=\"1417\" \/>\n<meta name=\"twitter:card\" content=\"summary_large_image\" \/>\n<script type=\"application\/ld+json\" class=\"yoast-schema-graph\">{\"@context\":\"https:\/\/schema.org\",\"@graph\":[{\"@type\":\"Organization\",\"@id\":\"https:\/\/www.dongdongsaigon.com\/#organization\",\"name\":\"D\\u00f2ng D\\u00f2ng S\\u00e0i G\\u00f2n\",\"url\":\"https:\/\/www.dongdongsaigon.com\/\",\"sameAs\":[\"https:\/\/www.facebook.com\/dongdongsg\/\",\"https:\/\/www.instagram.com\/dongdongsg\/\"],\"logo\":{\"@type\":\"ImageObject\",\"@id\":\"https:\/\/www.dongdongsaigon.com\/#logo\",\"inLanguage\":\"en-US\",\"url\":\"https:\/\/i0.wp.com\/www.dongdongsaigon.com\/wp-content\/uploads\/2020\/02\/logo-1.png?fit=512%2C512&ssl=1\",\"width\":512,\"height\":512,\"caption\":\"D\\u00f2ng D\\u00f2ng S\\u00e0i G\\u00f2n\"},\"image\":{\"@id\":\"https:\/\/www.dongdongsaigon.com\/#logo\"}},{\"@type\":\"WebSite\",\"@id\":\"https:\/\/www.dongdongsaigon.com\/#website\",\"url\":\"https:\/\/www.dongdongsaigon.com\/\",\"name\":\"D\\u00f2ng D\\u00f2ng\",\"description\":\"S\\u1ea3n xu\\u1ea5t th\\u1ee7 c\\u00f4ng t\\u1eeb b\\u1ea1t t\\u00e1i ch\\u1ebf b\\u1ec1n ch\\u1eafc\",\"publisher\":{\"@id\":\"https:\/\/www.dongdongsaigon.com\/#organization\"},\"potentialAction\":[{\"@type\":\"SearchAction\",\"target\":\"https:\/\/www.dongdongsaigon.com\/?s={search_term_string}\",\"query-input\":\"required name=search_term_string\"}],\"inLanguage\":\"en-US\"},{\"@type\":\"ImageObject\",\"@id\":\"https:\/\/www.dongdongsaigon.com\/product\/thinking\/#primaryimage\",\"inLanguage\":\"en-US\",\"url\":\"https:\/\/i0.wp.com\/www.dongdongsaigon.com\/wp-content\/uploads\/2024\/01\/kiotviet_fcbc28b1887a6f9ea12427cae47d2c26.png?fit=1417%2C1417&ssl=1\",\"width\":1417,\"height\":1417},{\"@type\":\"WebPage\",\"@id\":\"https:\/\/www.dongdongsaigon.com\/product\/thinking\/#webpage\",\"url\":\"https:\/\/www.dongdongsaigon.com\/product\/thinking\/\",\"name\":\"Th\\u00ecnking - D\\u00f2ng D\\u00f2ng\",\"isPartOf\":{\"@id\":\"https:\/\/www.dongdongsaigon.com\/#website\"},\"primaryImageOfPage\":{\"@id\":\"https:\/\/www.dongdongsaigon.com\/product\/thinking\/#primaryimage\"},\"datePublished\":\"2024-01-01T13:15:27+00:00\",\"dateModified\":\"2025-09-26T08:28:16+00:00\",\"inLanguage\":\"en-US\",\"potentialAction\":[{\"@type\":\"ReadAction\",\"target\":[\"https:\/\/www.dongdongsaigon.com\/product\/thinking\/\"]}]}]}<\/script>","_links":{"self":[{"href":"https:\/\/www.dongdongsaigon.com\/en\/wp-json\/wp\/v3\/product\/4865"}],"collection":[{"href":"https:\/\/www.dongdongsaigon.com\/en\/wp-json\/wp\/v3\/product"}],"about":[{"href":"https:\/\/www.dongdongsaigon.com\/en\/wp-json\/wp\/v2\/types\/product"}],"wp:featuredmedia":[{"embeddable":true,"href":"https:\/\/www.dongdongsaigon.com\/en\/wp-json\/wp\/v2\/media\/4874"}],"wp:attachment":[{"href":"https:\/\/www.dongdongsaigon.com\/en\/wp-json\/wp\/v2\/media?parent=4865"}],"wp:term":[{"taxonomy":"product_cat","embeddable":true,"href":"https:\/\/www.dongdongsaigon.com\/en\/wp-json\/wp\/v2\/product_cat?post=4865"},{"taxonomy":"product_tag","embeddable":true,"href":"https:\/\/www.dongdongsaigon.com\/en\/wp-json\/wp\/v2\/product_tag?post=4865"}],"curies":[{"name":"wp","href":"https:\/\/api.w.org\/{rel}","templated":true}]}}