{"id":4142,"date":"2023-06-29T11:30:38","date_gmt":"2023-06-29T04:30:38","guid":{"rendered":"https:\/\/www.dongdongsaigon.com\/?post_type=product&#038;p=4142"},"modified":"2025-04-18T15:59:55","modified_gmt":"2025-04-18T08:59:55","slug":"tep-dong","status":"publish","type":"product","link":"https:\/\/www.dongdongsaigon.com\/en\/product\/tep-dong\/","title":{"rendered":"T\u00e9p \u0110\u1ed3ng"},"content":{"rendered":"","protected":false},"excerpt":{"rendered":"<p>T\u00fai \u0111\u1ea7u ti\u00ean l\u00e0m t\u1eeb b\u1ea1t l\u00f3t ao t\u00f4m t\u00e1i ch\u1ebf.<\/p>\n<p>C\u1ea5u t\u1ea1o 4 l\u1edbp ch\u1eafc ch\u1eafn: b\u1ea1t l\u00f3t ao t\u00f4m, m\u00fat EVA, l\u1edbp l\u00f3t v\u00e0 b\u1ea1t m\u00e1i hi\u00ean &#8211; ch\u1ed1ng s\u1ed1c, ch\u1ed1ng th\u1ea5m tuy\u1ec7t v\u1eddi!<\/p>\n<p>D\u00e2y \u0111eo linh ho\u1ea1t: \u0111eo ch\u00e9o v\u00e0 balo.<\/p>\n<p>Ph\u00f9 h\u1ee3p cho khi b\u1ea1n c\u1ea7n nghi\u00eam t\u00fac nh\u01b0ng v\u1eabn phong c\u00e1ch.<\/p>","protected":false},"featured_media":4414,"template":"","meta":[],"product_cat":[129,131],"product_tag":[],"yoast_head":"<meta name=\"robots\" content=\"index, follow, max-snippet:-1, max-image-preview:large, max-video-preview:-1\" \/>\n<link rel=\"canonical\" href=\"https:\/\/www.dongdongsaigon.com\/en\/product\/tep-dong\/\" \/>\n<meta property=\"og:locale\" content=\"en_US\" \/>\n<meta property=\"og:type\" content=\"article\" \/>\n<meta property=\"og:title\" content=\"T\u00e9p \u0110\u1ed3ng - D\u00f2ng D\u00f2ng\" \/>\n<meta property=\"og:description\" content=\"T\u00fai \u0111\u1ea7u ti\u00ean l\u00e0m t\u1eeb b\u1ea1t l\u00f3t ao t\u00f4m t\u00e1i ch\u1ebf.  C\u1ea5u t\u1ea1o 4 l\u1edbp ch\u1eafc ch\u1eafn: b\u1ea1t l\u00f3t ao t\u00f4m, m\u00fat EVA, l\u1edbp l\u00f3t v\u00e0 b\u1ea1t m\u00e1i hi\u00ean - ch\u1ed1ng s\u1ed1c, ch\u1ed1ng th\u1ea5m tuy\u1ec7t v\u1eddi!  D\u00e2y \u0111eo linh ho\u1ea1t: \u0111eo ch\u00e9o v\u00e0 balo.  Ph\u00f9 h\u1ee3p cho khi b\u1ea1n c\u1ea7n nghi\u00eam t\u00fac nh\u01b0ng v\u1eabn phong c\u00e1ch.\" \/>\n<meta property=\"og:url\" content=\"https:\/\/www.dongdongsaigon.com\/en\/product\/tep-dong\/\" \/>\n<meta property=\"og:site_name\" content=\"D\u00f2ng D\u00f2ng\" \/>\n<meta property=\"article:publisher\" content=\"https:\/\/www.facebook.com\/dongdongsg\/\" \/>\n<meta property=\"article:modified_time\" content=\"2025-04-18T08:59:55+00:00\" \/>\n<meta property=\"og:image\" content=\"https:\/\/i0.wp.com\/www.dongdongsaigon.com\/wp-content\/uploads\/2023\/08\/kiotviet_3264ca8cded9ccad4dc4531a8dbf3ec4.png?fit=1417%2C1417&#038;ssl=1\" \/>\n\t<meta property=\"og:image:width\" content=\"1417\" \/>\n\t<meta property=\"og:image:height\" content=\"1417\" \/>\n<meta name=\"twitter:card\" content=\"summary_large_image\" \/>\n<script type=\"application\/ld+json\" class=\"yoast-schema-graph\">{\"@context\":\"https:\/\/schema.org\",\"@graph\":[{\"@type\":\"Organization\",\"@id\":\"https:\/\/www.dongdongsaigon.com\/#organization\",\"name\":\"D\\u00f2ng D\\u00f2ng S\\u00e0i G\\u00f2n\",\"url\":\"https:\/\/www.dongdongsaigon.com\/\",\"sameAs\":[\"https:\/\/www.facebook.com\/dongdongsg\/\",\"https:\/\/www.instagram.com\/dongdongsg\/\"],\"logo\":{\"@type\":\"ImageObject\",\"@id\":\"https:\/\/www.dongdongsaigon.com\/#logo\",\"inLanguage\":\"en-US\",\"url\":\"https:\/\/i0.wp.com\/www.dongdongsaigon.com\/wp-content\/uploads\/2020\/02\/logo-1.png?fit=512%2C512&ssl=1\",\"width\":512,\"height\":512,\"caption\":\"D\\u00f2ng D\\u00f2ng S\\u00e0i G\\u00f2n\"},\"image\":{\"@id\":\"https:\/\/www.dongdongsaigon.com\/#logo\"}},{\"@type\":\"WebSite\",\"@id\":\"https:\/\/www.dongdongsaigon.com\/#website\",\"url\":\"https:\/\/www.dongdongsaigon.com\/\",\"name\":\"D\\u00f2ng D\\u00f2ng\",\"description\":\"S\\u1ea3n xu\\u1ea5t th\\u1ee7 c\\u00f4ng t\\u1eeb b\\u1ea1t t\\u00e1i ch\\u1ebf b\\u1ec1n ch\\u1eafc\",\"publisher\":{\"@id\":\"https:\/\/www.dongdongsaigon.com\/#organization\"},\"potentialAction\":[{\"@type\":\"SearchAction\",\"target\":\"https:\/\/www.dongdongsaigon.com\/?s={search_term_string}\",\"query-input\":\"required name=search_term_string\"}],\"inLanguage\":\"en-US\"},{\"@type\":\"ImageObject\",\"@id\":\"https:\/\/www.dongdongsaigon.com\/product\/tep-dong\/#primaryimage\",\"inLanguage\":\"en-US\",\"url\":\"https:\/\/i0.wp.com\/www.dongdongsaigon.com\/wp-content\/uploads\/2023\/08\/kiotviet_3264ca8cded9ccad4dc4531a8dbf3ec4.png?fit=1417%2C1417&ssl=1\",\"width\":1417,\"height\":1417},{\"@type\":\"WebPage\",\"@id\":\"https:\/\/www.dongdongsaigon.com\/product\/tep-dong\/#webpage\",\"url\":\"https:\/\/www.dongdongsaigon.com\/product\/tep-dong\/\",\"name\":\"T\\u00e9p \\u0110\\u1ed3ng - D\\u00f2ng D\\u00f2ng\",\"isPartOf\":{\"@id\":\"https:\/\/www.dongdongsaigon.com\/#website\"},\"primaryImageOfPage\":{\"@id\":\"https:\/\/www.dongdongsaigon.com\/product\/tep-dong\/#primaryimage\"},\"datePublished\":\"2023-06-29T04:30:38+00:00\",\"dateModified\":\"2025-04-18T08:59:55+00:00\",\"inLanguage\":\"en-US\",\"potentialAction\":[{\"@type\":\"ReadAction\",\"target\":[\"https:\/\/www.dongdongsaigon.com\/product\/tep-dong\/\"]}]}]}<\/script>","_links":{"self":[{"href":"https:\/\/www.dongdongsaigon.com\/en\/wp-json\/wp\/v3\/product\/4142"}],"collection":[{"href":"https:\/\/www.dongdongsaigon.com\/en\/wp-json\/wp\/v3\/product"}],"about":[{"href":"https:\/\/www.dongdongsaigon.com\/en\/wp-json\/wp\/v2\/types\/product"}],"wp:featuredmedia":[{"embeddable":true,"href":"https:\/\/www.dongdongsaigon.com\/en\/wp-json\/wp\/v2\/media\/4414"}],"wp:attachment":[{"href":"https:\/\/www.dongdongsaigon.com\/en\/wp-json\/wp\/v2\/media?parent=4142"}],"wp:term":[{"taxonomy":"product_cat","embeddable":true,"href":"https:\/\/www.dongdongsaigon.com\/en\/wp-json\/wp\/v2\/product_cat?post=4142"},{"taxonomy":"product_tag","embeddable":true,"href":"https:\/\/www.dongdongsaigon.com\/en\/wp-json\/wp\/v2\/product_tag?post=4142"}],"curies":[{"name":"wp","href":"https:\/\/api.w.org\/{rel}","templated":true}]}}