{"id":3871,"date":"2023-05-05T00:03:21","date_gmt":"2023-05-04T17:03:21","guid":{"rendered":"https:\/\/www.dongdongsaigon.com\/?post_type=product&#038;p=3871"},"modified":"2025-11-03T17:17:25","modified_gmt":"2025-11-03T10:17:25","slug":"tron-tru-giay-bac-01","status":"publish","type":"product","link":"https:\/\/www.dongdongsaigon.com\/en\/product\/tron-tru-giay-bac-01\/","title":{"rendered":"Tr\u01a1n Tru Gi\u1ea5y B\u1ea1c 01"},"content":{"rendered":"","protected":false},"excerpt":{"rendered":"<p>A used-to-be-crumpled Gi\u1ea5y B\u1ea1c knows the best way to become flatten again. <span class=\"st\">Gi\u1ea5y B\u1ea1c vui v\u1ebb hi\u1ec7n di\u1ec7n trong b\u1ed9 3 greyscale tr\u1eafng &#8211; x\u00e1m &#8211; \u0111en c\u1ee7a D\u00f2ng D\u00f2ng. <\/span><\/p>","protected":false},"featured_media":3662,"template":"","meta":[],"product_cat":[19,78],"product_tag":[],"yoast_head":"<meta name=\"robots\" content=\"index, follow, max-snippet:-1, max-image-preview:large, max-video-preview:-1\" \/>\n<link rel=\"canonical\" href=\"https:\/\/www.dongdongsaigon.com\/en\/product\/tron-tru-giay-bac-01\/\" \/>\n<meta property=\"og:locale\" content=\"en_US\" \/>\n<meta property=\"og:type\" content=\"article\" \/>\n<meta property=\"og:title\" content=\"Tr\u01a1n Tru Gi\u1ea5y B\u1ea1c 01 - D\u00f2ng D\u00f2ng\" \/>\n<meta property=\"og:description\" content=\"Gi\u1ea5y B\u1ea1c t\u00ednh ra d\u1ec5 ch\u1ecbu. T\u1eeb g\u1ea7n 80m2 b\u1ea1t c\u00f4ng tr\u00ecnh l\u00e2u ng\u00e0y nh\u0103n nh\u00f3 \u1edf g\u00f3c Ch\u1ee3 L\u1edbn, nhanh ch\u00f3ng tr\u1edf n\u00ean t\u01b0\u01a1m t\u1ea5t ph\u1eb3ng l\u00ec khi \u0111\u01b0\u1ee3c thu gom v\u1ec1 v\u00e0 l\u00e0m b\u1ea1n v\u1edbi b\u00e0n \u1ee7i v\u00e0i l\u1ea7n. Gi\u1ea5y B\u1ea1c vui v\u1ebb hi\u1ec7n di\u1ec7n trong b\u1ed9 3 greyscale tr\u1eafng - x\u00e1m - \u0111en c\u1ee7a D\u00f2ng D\u00f2ng.\" \/>\n<meta property=\"og:url\" content=\"https:\/\/www.dongdongsaigon.com\/en\/product\/tron-tru-giay-bac-01\/\" \/>\n<meta property=\"og:site_name\" content=\"D\u00f2ng D\u00f2ng\" \/>\n<meta property=\"article:publisher\" content=\"https:\/\/www.facebook.com\/dongdongsg\/\" \/>\n<meta property=\"article:modified_time\" content=\"2025-11-03T10:17:25+00:00\" \/>\n<meta property=\"og:image\" content=\"https:\/\/i0.wp.com\/www.dongdongsaigon.com\/wp-content\/uploads\/2023\/04\/kiotviet_e3f1af760d0ec45e8b4769f209ea7a95.png?fit=1417%2C1417&#038;ssl=1\" \/>\n\t<meta property=\"og:image:width\" content=\"1417\" \/>\n\t<meta property=\"og:image:height\" content=\"1417\" \/>\n<meta name=\"twitter:card\" content=\"summary_large_image\" \/>\n<script type=\"application\/ld+json\" class=\"yoast-schema-graph\">{\"@context\":\"https:\/\/schema.org\",\"@graph\":[{\"@type\":\"Organization\",\"@id\":\"https:\/\/www.dongdongsaigon.com\/#organization\",\"name\":\"D\\u00f2ng D\\u00f2ng S\\u00e0i G\\u00f2n\",\"url\":\"https:\/\/www.dongdongsaigon.com\/\",\"sameAs\":[\"https:\/\/www.facebook.com\/dongdongsg\/\",\"https:\/\/www.instagram.com\/dongdongsg\/\"],\"logo\":{\"@type\":\"ImageObject\",\"@id\":\"https:\/\/www.dongdongsaigon.com\/#logo\",\"inLanguage\":\"en-US\",\"url\":\"https:\/\/i0.wp.com\/www.dongdongsaigon.com\/wp-content\/uploads\/2020\/02\/logo-1.png?fit=512%2C512&ssl=1\",\"width\":512,\"height\":512,\"caption\":\"D\\u00f2ng D\\u00f2ng S\\u00e0i G\\u00f2n\"},\"image\":{\"@id\":\"https:\/\/www.dongdongsaigon.com\/#logo\"}},{\"@type\":\"WebSite\",\"@id\":\"https:\/\/www.dongdongsaigon.com\/#website\",\"url\":\"https:\/\/www.dongdongsaigon.com\/\",\"name\":\"D\\u00f2ng D\\u00f2ng\",\"description\":\"S\\u1ea3n xu\\u1ea5t th\\u1ee7 c\\u00f4ng t\\u1eeb b\\u1ea1t t\\u00e1i ch\\u1ebf b\\u1ec1n ch\\u1eafc\",\"publisher\":{\"@id\":\"https:\/\/www.dongdongsaigon.com\/#organization\"},\"potentialAction\":[{\"@type\":\"SearchAction\",\"target\":\"https:\/\/www.dongdongsaigon.com\/?s={search_term_string}\",\"query-input\":\"required name=search_term_string\"}],\"inLanguage\":\"en-US\"},{\"@type\":\"ImageObject\",\"@id\":\"https:\/\/www.dongdongsaigon.com\/product\/tron-tru-giay-bac-01\/#primaryimage\",\"inLanguage\":\"en-US\",\"url\":\"https:\/\/i0.wp.com\/www.dongdongsaigon.com\/wp-content\/uploads\/2023\/04\/kiotviet_e3f1af760d0ec45e8b4769f209ea7a95.png?fit=1417%2C1417&ssl=1\",\"width\":1417,\"height\":1417},{\"@type\":\"WebPage\",\"@id\":\"https:\/\/www.dongdongsaigon.com\/product\/tron-tru-giay-bac-01\/#webpage\",\"url\":\"https:\/\/www.dongdongsaigon.com\/product\/tron-tru-giay-bac-01\/\",\"name\":\"Tr\\u01a1n Tru Gi\\u1ea5y B\\u1ea1c 01 - D\\u00f2ng D\\u00f2ng\",\"isPartOf\":{\"@id\":\"https:\/\/www.dongdongsaigon.com\/#website\"},\"primaryImageOfPage\":{\"@id\":\"https:\/\/www.dongdongsaigon.com\/product\/tron-tru-giay-bac-01\/#primaryimage\"},\"datePublished\":\"2023-05-04T17:03:21+00:00\",\"dateModified\":\"2025-11-03T10:17:25+00:00\",\"inLanguage\":\"en-US\",\"potentialAction\":[{\"@type\":\"ReadAction\",\"target\":[\"https:\/\/www.dongdongsaigon.com\/product\/tron-tru-giay-bac-01\/\"]}]}]}<\/script>","_links":{"self":[{"href":"https:\/\/www.dongdongsaigon.com\/en\/wp-json\/wp\/v3\/product\/3871"}],"collection":[{"href":"https:\/\/www.dongdongsaigon.com\/en\/wp-json\/wp\/v3\/product"}],"about":[{"href":"https:\/\/www.dongdongsaigon.com\/en\/wp-json\/wp\/v2\/types\/product"}],"wp:featuredmedia":[{"embeddable":true,"href":"https:\/\/www.dongdongsaigon.com\/en\/wp-json\/wp\/v2\/media\/3662"}],"wp:attachment":[{"href":"https:\/\/www.dongdongsaigon.com\/en\/wp-json\/wp\/v2\/media?parent=3871"}],"wp:term":[{"taxonomy":"product_cat","embeddable":true,"href":"https:\/\/www.dongdongsaigon.com\/en\/wp-json\/wp\/v2\/product_cat?post=3871"},{"taxonomy":"product_tag","embeddable":true,"href":"https:\/\/www.dongdongsaigon.com\/en\/wp-json\/wp\/v2\/product_tag?post=3871"}],"curies":[{"name":"wp","href":"https:\/\/api.w.org\/{rel}","templated":true}]}}