{"id":3000,"date":"2022-07-24T18:40:58","date_gmt":"2022-07-24T11:40:58","guid":{"rendered":"https:\/\/www.dongdongsaigon.com\/?post_type=product&#038;p=3000"},"modified":"2024-07-13T15:42:01","modified_gmt":"2024-07-13T08:42:01","slug":"tri-ca-sa","status":"publish","type":"product","link":"https:\/\/www.dongdongsaigon.com\/en\/product\/tri-ca-sa\/","title":{"rendered":"Tri C\u00e0 Sa"},"content":{"rendered":"","protected":false},"excerpt":{"rendered":"<p>Tri \u0111\u1ef1ng v\u1eadt d\u1ee5ng v\u1ec7 sinh c\u00e1 nh\u00e2n, c\u00f3 kh\u1ea3 n\u0103ng &#8220;xo\u1ea1c ngang&#8221; 180 \u0111\u1ed9 khi m\u1edf ra \u0111\u1ec3 m\u1ed7i cu\u1ed9c t\u00ecm ki\u1ebfm \u0111\u1ed3 \u0111\u1ea1c tr\u1edf n\u00ean d\u1ec5 d\u00e0ng h\u01a1n.<\/p>","protected":false},"featured_media":5197,"template":"","meta":[],"product_cat":[62,75],"product_tag":[],"yoast_head":"<meta name=\"robots\" content=\"index, follow, max-snippet:-1, max-image-preview:large, max-video-preview:-1\" \/>\n<link rel=\"canonical\" href=\"https:\/\/www.dongdongsaigon.com\/en\/product\/tri-ca-sa\/\" \/>\n<meta property=\"og:locale\" content=\"en_US\" \/>\n<meta property=\"og:type\" content=\"article\" \/>\n<meta property=\"og:title\" content=\"Tri C\u00e0 Sa - D\u00f2ng D\u00f2ng\" \/>\n<meta property=\"og:description\" content=\"Tri \u0111\u1ef1ng v\u1eadt d\u1ee5ng v\u1ec7 sinh c\u00e1 nh\u00e2n, c\u00f3 kh\u1ea3 n\u0103ng &quot;xo\u1ea1c ngang&quot; 180 \u0111\u1ed9 khi m\u1edf ra \u0111\u1ec3 m\u1ed7i cu\u1ed9c t\u00ecm ki\u1ebfm \u0111\u1ed3 \u0111\u1ea1c tr\u1edf n\u00ean d\u1ec5 d\u00e0ng h\u01a1n.\" \/>\n<meta property=\"og:url\" content=\"https:\/\/www.dongdongsaigon.com\/en\/product\/tri-ca-sa\/\" \/>\n<meta property=\"og:site_name\" content=\"D\u00f2ng D\u00f2ng\" \/>\n<meta property=\"article:publisher\" content=\"https:\/\/www.facebook.com\/dongdongsg\/\" \/>\n<meta property=\"article:modified_time\" content=\"2024-07-13T08:42:01+00:00\" \/>\n<meta property=\"og:image\" content=\"https:\/\/i0.wp.com\/www.dongdongsaigon.com\/wp-content\/uploads\/2022\/07\/3.png?fit=1417%2C1417&#038;ssl=1\" \/>\n\t<meta property=\"og:image:width\" content=\"1417\" \/>\n\t<meta property=\"og:image:height\" content=\"1417\" \/>\n<meta name=\"twitter:card\" content=\"summary_large_image\" \/>\n<script type=\"application\/ld+json\" class=\"yoast-schema-graph\">{\"@context\":\"https:\/\/schema.org\",\"@graph\":[{\"@type\":\"Organization\",\"@id\":\"https:\/\/www.dongdongsaigon.com\/#organization\",\"name\":\"D\\u00f2ng D\\u00f2ng S\\u00e0i G\\u00f2n\",\"url\":\"https:\/\/www.dongdongsaigon.com\/\",\"sameAs\":[\"https:\/\/www.facebook.com\/dongdongsg\/\",\"https:\/\/www.instagram.com\/dongdongsg\/\"],\"logo\":{\"@type\":\"ImageObject\",\"@id\":\"https:\/\/www.dongdongsaigon.com\/#logo\",\"inLanguage\":\"en-US\",\"url\":\"https:\/\/i0.wp.com\/www.dongdongsaigon.com\/wp-content\/uploads\/2020\/02\/logo-1.png?fit=512%2C512&ssl=1\",\"width\":512,\"height\":512,\"caption\":\"D\\u00f2ng D\\u00f2ng S\\u00e0i G\\u00f2n\"},\"image\":{\"@id\":\"https:\/\/www.dongdongsaigon.com\/#logo\"}},{\"@type\":\"WebSite\",\"@id\":\"https:\/\/www.dongdongsaigon.com\/#website\",\"url\":\"https:\/\/www.dongdongsaigon.com\/\",\"name\":\"D\\u00f2ng D\\u00f2ng\",\"description\":\"S\\u1ea3n xu\\u1ea5t th\\u1ee7 c\\u00f4ng t\\u1eeb b\\u1ea1t t\\u00e1i ch\\u1ebf b\\u1ec1n ch\\u1eafc\",\"publisher\":{\"@id\":\"https:\/\/www.dongdongsaigon.com\/#organization\"},\"potentialAction\":[{\"@type\":\"SearchAction\",\"target\":\"https:\/\/www.dongdongsaigon.com\/?s={search_term_string}\",\"query-input\":\"required name=search_term_string\"}],\"inLanguage\":\"en-US\"},{\"@type\":\"ImageObject\",\"@id\":\"https:\/\/www.dongdongsaigon.com\/product\/tri-ca-sa\/#primaryimage\",\"inLanguage\":\"en-US\",\"url\":\"https:\/\/i0.wp.com\/www.dongdongsaigon.com\/wp-content\/uploads\/2022\/07\/3.png?fit=1417%2C1417&ssl=1\",\"width\":1417,\"height\":1417},{\"@type\":\"WebPage\",\"@id\":\"https:\/\/www.dongdongsaigon.com\/product\/tri-ca-sa\/#webpage\",\"url\":\"https:\/\/www.dongdongsaigon.com\/product\/tri-ca-sa\/\",\"name\":\"Tri C\\u00e0 Sa - D\\u00f2ng D\\u00f2ng\",\"isPartOf\":{\"@id\":\"https:\/\/www.dongdongsaigon.com\/#website\"},\"primaryImageOfPage\":{\"@id\":\"https:\/\/www.dongdongsaigon.com\/product\/tri-ca-sa\/#primaryimage\"},\"datePublished\":\"2022-07-24T11:40:58+00:00\",\"dateModified\":\"2024-07-13T08:42:01+00:00\",\"inLanguage\":\"en-US\",\"potentialAction\":[{\"@type\":\"ReadAction\",\"target\":[\"https:\/\/www.dongdongsaigon.com\/product\/tri-ca-sa\/\"]}]}]}<\/script>","_links":{"self":[{"href":"https:\/\/www.dongdongsaigon.com\/en\/wp-json\/wp\/v3\/product\/3000"}],"collection":[{"href":"https:\/\/www.dongdongsaigon.com\/en\/wp-json\/wp\/v3\/product"}],"about":[{"href":"https:\/\/www.dongdongsaigon.com\/en\/wp-json\/wp\/v2\/types\/product"}],"wp:featuredmedia":[{"embeddable":true,"href":"https:\/\/www.dongdongsaigon.com\/en\/wp-json\/wp\/v2\/media\/5197"}],"wp:attachment":[{"href":"https:\/\/www.dongdongsaigon.com\/en\/wp-json\/wp\/v2\/media?parent=3000"}],"wp:term":[{"taxonomy":"product_cat","embeddable":true,"href":"https:\/\/www.dongdongsaigon.com\/en\/wp-json\/wp\/v2\/product_cat?post=3000"},{"taxonomy":"product_tag","embeddable":true,"href":"https:\/\/www.dongdongsaigon.com\/en\/wp-json\/wp\/v2\/product_tag?post=3000"}],"curies":[{"name":"wp","href":"https:\/\/api.w.org\/{rel}","templated":true}]}}