{"id":1498,"date":"2020-08-13T14:26:28","date_gmt":"2020-08-13T07:26:28","guid":{"rendered":"https:\/\/www.dongdongsaigon.com\/?post_type=product&#038;p=1498"},"modified":"2025-10-21T12:02:04","modified_gmt":"2025-10-21T05:02:04","slug":"chi-trang-01","status":"publish","type":"product","link":"https:\/\/www.dongdongsaigon.com\/en\/product\/chi-trang-01\/","title":{"rendered":"Ch\u00ec Salo"},"content":{"rendered":"","protected":false},"excerpt":{"rendered":"<p>H\u00ecnh d\u00e1ng nh\u01b0 \u0111\u00f2n b\u00e1nh, Ch\u00ec l\u00e0 chi\u1ebfc h\u1ed9p b\u00fat ch\u00ednh hi\u1ec7u t\u1eeb b\u1ea1t t\u00e1i ch\u1ebf c\u1ee7a D\u00f2ng D\u00f2ng &#8211; nh\u1ecf nh\u1eb9, vu\u00f4ng v\u1ee9c, tinh ngh\u1ecbch &#8220;h\u1ed5ng m\u00e0u m\u00e8&#8221;.<\/p>","protected":false},"featured_media":7337,"template":"","meta":[],"product_cat":[67,62],"product_tag":[],"yoast_head":"<meta name=\"robots\" content=\"index, follow, max-snippet:-1, max-image-preview:large, max-video-preview:-1\" \/>\n<link rel=\"canonical\" href=\"https:\/\/www.dongdongsaigon.com\/en\/product\/chi-trang-01\/\" \/>\n<meta property=\"og:locale\" content=\"en_US\" \/>\n<meta property=\"og:type\" content=\"article\" \/>\n<meta property=\"og:title\" content=\"Ch\u00ec Salo - D\u00f2ng D\u00f2ng\" \/>\n<meta property=\"og:description\" content=\"H\u00ecnh d\u00e1ng nh\u01b0 \u0111\u00f2n b\u00e1nh, Ch\u00ec l\u00e0 chi\u1ebfc h\u1ed9p b\u00fat ch\u00ednh hi\u1ec7u t\u1eeb b\u1ea1t t\u00e1i ch\u1ebf c\u1ee7a D\u00f2ng D\u00f2ng - nh\u1ecf nh\u1eb9, vu\u00f4ng v\u1ee9c, tinh ngh\u1ecbch &quot;h\u1ed5ng m\u00e0u m\u00e8&quot;.\" \/>\n<meta property=\"og:url\" content=\"https:\/\/www.dongdongsaigon.com\/en\/product\/chi-trang-01\/\" \/>\n<meta property=\"og:site_name\" content=\"D\u00f2ng D\u00f2ng\" \/>\n<meta property=\"article:publisher\" content=\"https:\/\/www.facebook.com\/dongdongsg\/\" \/>\n<meta property=\"article:modified_time\" content=\"2025-10-21T05:02:04+00:00\" \/>\n<meta property=\"og:image\" content=\"https:\/\/i0.wp.com\/www.dongdongsaigon.com\/wp-content\/uploads\/2024\/03\/Salo_Listing.png?fit=1417%2C1417&#038;ssl=1\" \/>\n\t<meta property=\"og:image:width\" content=\"1417\" \/>\n\t<meta property=\"og:image:height\" content=\"1417\" \/>\n<meta name=\"twitter:card\" content=\"summary_large_image\" \/>\n<script type=\"application\/ld+json\" class=\"yoast-schema-graph\">{\"@context\":\"https:\/\/schema.org\",\"@graph\":[{\"@type\":\"Organization\",\"@id\":\"https:\/\/www.dongdongsaigon.com\/#organization\",\"name\":\"D\\u00f2ng D\\u00f2ng S\\u00e0i G\\u00f2n\",\"url\":\"https:\/\/www.dongdongsaigon.com\/\",\"sameAs\":[\"https:\/\/www.facebook.com\/dongdongsg\/\",\"https:\/\/www.instagram.com\/dongdongsg\/\"],\"logo\":{\"@type\":\"ImageObject\",\"@id\":\"https:\/\/www.dongdongsaigon.com\/#logo\",\"inLanguage\":\"en-US\",\"url\":\"https:\/\/i0.wp.com\/www.dongdongsaigon.com\/wp-content\/uploads\/2020\/02\/logo-1.png?fit=512%2C512&ssl=1\",\"width\":512,\"height\":512,\"caption\":\"D\\u00f2ng D\\u00f2ng S\\u00e0i G\\u00f2n\"},\"image\":{\"@id\":\"https:\/\/www.dongdongsaigon.com\/#logo\"}},{\"@type\":\"WebSite\",\"@id\":\"https:\/\/www.dongdongsaigon.com\/#website\",\"url\":\"https:\/\/www.dongdongsaigon.com\/\",\"name\":\"D\\u00f2ng D\\u00f2ng\",\"description\":\"S\\u1ea3n xu\\u1ea5t th\\u1ee7 c\\u00f4ng t\\u1eeb b\\u1ea1t t\\u00e1i ch\\u1ebf b\\u1ec1n ch\\u1eafc\",\"publisher\":{\"@id\":\"https:\/\/www.dongdongsaigon.com\/#organization\"},\"potentialAction\":[{\"@type\":\"SearchAction\",\"target\":\"https:\/\/www.dongdongsaigon.com\/?s={search_term_string}\",\"query-input\":\"required name=search_term_string\"}],\"inLanguage\":\"en-US\"},{\"@type\":\"ImageObject\",\"@id\":\"https:\/\/www.dongdongsaigon.com\/product\/chi-trang-01\/#primaryimage\",\"inLanguage\":\"en-US\",\"url\":\"https:\/\/i0.wp.com\/www.dongdongsaigon.com\/wp-content\/uploads\/2024\/03\/Salo_Listing.png?fit=1417%2C1417&ssl=1\",\"width\":1417,\"height\":1417},{\"@type\":\"WebPage\",\"@id\":\"https:\/\/www.dongdongsaigon.com\/product\/chi-trang-01\/#webpage\",\"url\":\"https:\/\/www.dongdongsaigon.com\/product\/chi-trang-01\/\",\"name\":\"Ch\\u00ec Salo - D\\u00f2ng D\\u00f2ng\",\"isPartOf\":{\"@id\":\"https:\/\/www.dongdongsaigon.com\/#website\"},\"primaryImageOfPage\":{\"@id\":\"https:\/\/www.dongdongsaigon.com\/product\/chi-trang-01\/#primaryimage\"},\"datePublished\":\"2020-08-13T07:26:28+00:00\",\"dateModified\":\"2025-10-21T05:02:04+00:00\",\"inLanguage\":\"en-US\",\"potentialAction\":[{\"@type\":\"ReadAction\",\"target\":[\"https:\/\/www.dongdongsaigon.com\/product\/chi-trang-01\/\"]}]}]}<\/script>","_links":{"self":[{"href":"https:\/\/www.dongdongsaigon.com\/en\/wp-json\/wp\/v3\/product\/1498"}],"collection":[{"href":"https:\/\/www.dongdongsaigon.com\/en\/wp-json\/wp\/v3\/product"}],"about":[{"href":"https:\/\/www.dongdongsaigon.com\/en\/wp-json\/wp\/v2\/types\/product"}],"wp:featuredmedia":[{"embeddable":true,"href":"https:\/\/www.dongdongsaigon.com\/en\/wp-json\/wp\/v2\/media\/7337"}],"wp:attachment":[{"href":"https:\/\/www.dongdongsaigon.com\/en\/wp-json\/wp\/v2\/media?parent=1498"}],"wp:term":[{"taxonomy":"product_cat","embeddable":true,"href":"https:\/\/www.dongdongsaigon.com\/en\/wp-json\/wp\/v2\/product_cat?post=1498"},{"taxonomy":"product_tag","embeddable":true,"href":"https:\/\/www.dongdongsaigon.com\/en\/wp-json\/wp\/v2\/product_tag?post=1498"}],"curies":[{"name":"wp","href":"https:\/\/api.w.org\/{rel}","templated":true}]}}