{"id":444,"date":"2020-03-02T12:24:42","date_gmt":"2020-03-02T12:24:42","guid":{"rendered":"https:\/\/www.dongdongsaigon.com\/?page_id=444"},"modified":"2020-03-08T06:48:29","modified_gmt":"2020-03-08T06:48:29","slug":"thu-gom-bat","status":"publish","type":"page","link":"https:\/\/www.dongdongsaigon.com\/en\/thu-gom-bat\/","title":{"rendered":"Thu gom b\u1ea1t"},"content":{"rendered":"<header>\n<div class=\"description container\">\n<h1>We collect used tarps.<\/h1>\n<p>If you have old and discarded tarps at home or work, please contact D\u00f2ng D\u00f2ng so that we could come to collect and send you a gift in exchange.<\/p>\n<\/div>\n<\/header>\n<section>\n<div class=\"cols container justify-center\">\n<div class=\"col-5 col-md-12\">\n<h2>Collecting conditions<\/h2>\n<ul>\n<li>Not-too-damaged tarps due to intense weather exposure<\/li>\n<li>Tarps of any size can be collected<\/li>\n<li>Accept ripped, faded or printed tarps<\/li>\n<\/ul>\n<\/div>\n<div class=\"col-5 col-md-12\">\n<h2>Contact<\/h2>\n<ul>\n<li>Phone: 036-373-9700<\/li>\n<li>FB Messenger: m.me\/dongdongsg<\/li>\n<li>Email: info@dongdongsaigon.com<\/li>\n<\/ul>\n<\/div>\n<p>&nbsp;<\/p>\n<\/div>\n<\/section>","protected":false},"excerpt":{"rendered":"<p>Ch\u00fang t\u00f4i thu gom b\u1ea1t c\u0169. N\u1ebfu b\u1ea1n c\u00f3 b\u1ea1t m\u00e1i hi\u00ean, b\u1ea1t che n\u1eafng m\u01b0a \u0111\u00e3 c\u0169 kh\u00f4ng c\u00f2n s\u1eed d\u1ee5ng, D\u00f2ng D\u00f2ng s\u1ebd \u0111\u1ebfn t\u1eadn n\u01a1i \u0111\u1ec3 thu gom &amp; mua l\u1ea1i ho\u1eb7c c\u1ea3m \u01a1n b\u1ea1n b\u1eb1ng voucher s\u1ea3n ph\u1ea9m, tu\u1ef3 theo t\u00ecnh tr\u1ea1ng c\u1ee7a t\u1ea5m b\u1ea1t. \u0110i\u1ec1u ki\u1ec7n thu gom B\u1ea1t kh\u00f4ng [&hellip;]<\/p>","protected":false},"author":1,"featured_media":0,"parent":0,"menu_order":0,"comment_status":"closed","ping_status":"closed","template":"","meta":[],"yoast_head":"<meta name=\"robots\" content=\"index, follow, max-snippet:-1, max-image-preview:large, max-video-preview:-1\" \/>\n<link rel=\"canonical\" href=\"https:\/\/www.dongdongsaigon.com\/en\/thu-gom-bat\/\" \/>\n<meta property=\"og:locale\" content=\"en_US\" \/>\n<meta property=\"og:type\" content=\"article\" \/>\n<meta property=\"og:title\" content=\"Thu gom b\u1ea1t - D\u00f2ng D\u00f2ng\" \/>\n<meta property=\"og:description\" content=\"Ch\u00fang t\u00f4i thu gom b\u1ea1t c\u0169. N\u1ebfu b\u1ea1n c\u00f3 b\u1ea1t m\u00e1i hi\u00ean, b\u1ea1t che n\u1eafng m\u01b0a \u0111\u00e3 c\u0169 kh\u00f4ng c\u00f2n s\u1eed d\u1ee5ng, D\u00f2ng D\u00f2ng s\u1ebd \u0111\u1ebfn t\u1eadn n\u01a1i \u0111\u1ec3 thu gom &amp; mua l\u1ea1i ho\u1eb7c c\u1ea3m \u01a1n b\u1ea1n b\u1eb1ng voucher s\u1ea3n ph\u1ea9m, tu\u1ef3 theo t\u00ecnh tr\u1ea1ng c\u1ee7a t\u1ea5m b\u1ea1t. \u0110i\u1ec1u ki\u1ec7n thu gom B\u1ea1t kh\u00f4ng [&hellip;]\" \/>\n<meta property=\"og:url\" content=\"https:\/\/www.dongdongsaigon.com\/en\/thu-gom-bat\/\" \/>\n<meta property=\"og:site_name\" content=\"D\u00f2ng D\u00f2ng\" \/>\n<meta property=\"article:publisher\" content=\"https:\/\/www.facebook.com\/dongdongsg\/\" \/>\n<meta property=\"article:modified_time\" content=\"2020-03-08T06:48:29+00:00\" \/>\n<meta property=\"og:image\" content=\"https:\/\/i0.wp.com\/www.dongdongsaigon.com\/wp-content\/uploads\/2020\/03\/86802887_117817913117108_435548205376077824_o.jpg?fit=2048%2C1207&#038;ssl=1\" \/>\n\t<meta property=\"og:image:width\" content=\"2048\" \/>\n\t<meta property=\"og:image:height\" content=\"1207\" \/>\n<meta name=\"twitter:card\" content=\"summary_large_image\" \/>\n<meta name=\"twitter:label1\" content=\"Est. reading time\">\n\t<meta name=\"twitter:data1\" content=\"1 minute\">\n<script type=\"application\/ld+json\" class=\"yoast-schema-graph\">{\"@context\":\"https:\/\/schema.org\",\"@graph\":[{\"@type\":\"Organization\",\"@id\":\"https:\/\/www.dongdongsaigon.com\/#organization\",\"name\":\"D\\u00f2ng D\\u00f2ng S\\u00e0i G\\u00f2n\",\"url\":\"https:\/\/www.dongdongsaigon.com\/\",\"sameAs\":[\"https:\/\/www.facebook.com\/dongdongsg\/\",\"https:\/\/www.instagram.com\/dongdongsg\/\"],\"logo\":{\"@type\":\"ImageObject\",\"@id\":\"https:\/\/www.dongdongsaigon.com\/#logo\",\"inLanguage\":\"en-US\",\"url\":\"https:\/\/i0.wp.com\/www.dongdongsaigon.com\/wp-content\/uploads\/2020\/02\/logo-1.png?fit=512%2C512&ssl=1\",\"width\":512,\"height\":512,\"caption\":\"D\\u00f2ng D\\u00f2ng S\\u00e0i G\\u00f2n\"},\"image\":{\"@id\":\"https:\/\/www.dongdongsaigon.com\/#logo\"}},{\"@type\":\"WebSite\",\"@id\":\"https:\/\/www.dongdongsaigon.com\/#website\",\"url\":\"https:\/\/www.dongdongsaigon.com\/\",\"name\":\"D\\u00f2ng D\\u00f2ng\",\"description\":\"S\\u1ea3n xu\\u1ea5t th\\u1ee7 c\\u00f4ng t\\u1eeb b\\u1ea1t t\\u00e1i ch\\u1ebf b\\u1ec1n ch\\u1eafc\",\"publisher\":{\"@id\":\"https:\/\/www.dongdongsaigon.com\/#organization\"},\"potentialAction\":[{\"@type\":\"SearchAction\",\"target\":\"https:\/\/www.dongdongsaigon.com\/?s={search_term_string}\",\"query-input\":\"required name=search_term_string\"}],\"inLanguage\":\"en-US\"},{\"@type\":\"WebPage\",\"@id\":\"https:\/\/www.dongdongsaigon.com\/thu-gom-bat\/#webpage\",\"url\":\"https:\/\/www.dongdongsaigon.com\/thu-gom-bat\/\",\"name\":\"Thu gom b\\u1ea1t - D\\u00f2ng D\\u00f2ng\",\"isPartOf\":{\"@id\":\"https:\/\/www.dongdongsaigon.com\/#website\"},\"datePublished\":\"2020-03-02T12:24:42+00:00\",\"dateModified\":\"2020-03-08T06:48:29+00:00\",\"inLanguage\":\"en-US\",\"potentialAction\":[{\"@type\":\"ReadAction\",\"target\":[\"https:\/\/www.dongdongsaigon.com\/thu-gom-bat\/\"]}]}]}<\/script>","_links":{"self":[{"href":"https:\/\/www.dongdongsaigon.com\/en\/wp-json\/wp\/v2\/pages\/444"}],"collection":[{"href":"https:\/\/www.dongdongsaigon.com\/en\/wp-json\/wp\/v2\/pages"}],"about":[{"href":"https:\/\/www.dongdongsaigon.com\/en\/wp-json\/wp\/v2\/types\/page"}],"author":[{"embeddable":true,"href":"https:\/\/www.dongdongsaigon.com\/en\/wp-json\/wp\/v2\/users\/1"}],"replies":[{"embeddable":true,"href":"https:\/\/www.dongdongsaigon.com\/en\/wp-json\/wp\/v2\/comments?post=444"}],"version-history":[{"count":4,"href":"https:\/\/www.dongdongsaigon.com\/en\/wp-json\/wp\/v2\/pages\/444\/revisions"}],"predecessor-version":[{"id":600,"href":"https:\/\/www.dongdongsaigon.com\/en\/wp-json\/wp\/v2\/pages\/444\/revisions\/600"}],"wp:attachment":[{"href":"https:\/\/www.dongdongsaigon.com\/en\/wp-json\/wp\/v2\/media?parent=444"}],"curies":[{"name":"wp","href":"https:\/\/api.w.org\/{rel}","templated":true}]}}